{"id":125,"date":"2021-07-19T11:36:30","date_gmt":"2021-07-19T11:36:30","guid":{"rendered":"http:\/\/giaphatinfo.123websitedev.com\/?page_id=125"},"modified":"2021-07-31T14:48:42","modified_gmt":"2021-07-31T14:48:42","slug":"trang-tri-noi-that","status":"publish","type":"page","link":"https:\/\/giaphatinfo.com.vn\/en\/trang-tri-noi-that\/","title":{"rendered":"TRANG TR\u00cd N\u1ed8I TH\u1ea4T"},"content":{"rendered":"<div class=\"vc_row wpb_row vc_row-fluid\"><div class=\"wpb_column vc_column_container vc_col-sm-12\"><div class=\"vc_column-inner\"><div class=\"wpb_wrapper\">\n\t<div class=\"wpb_text_column wpb_content_element\" >\n\t\t<div class=\"wpb_wrapper\">\n\t\t\t<p style=\"font-weight: 400;\"><b>Trang tr\u00ed n\u1ed9i th\u1ea5t v\u00e0 thi c\u00f4ng n\u1ed9i th\u1ea5t l\u00e0 g\u00ec?<\/b><\/p>\n<p style=\"font-weight: 400;\">C\u01a1 b\u1ea3n trang tr\u00ed n\u1ed9i th\u1ea5t ch\u00ednh l\u00e0 s\u1ef1 s\u1eafp x\u1ebfp c\u00e1c \u0111\u1ed3 \u0111\u1ea1c m\u1ed9t c\u00e1ch h\u1ee3p l\u00fd, ph\u1ed1i h\u1ee3p h\u00e0i h\u00f2a gi\u1eefa b\u1ed1 c\u1ee5c, m\u00e0u s\u1eafc v\u00e0 \u00e1nh s\u00e1ng trong m\u1ed9t kh\u00f4ng gian nh\u1ea5t \u0111\u1ecbnh. N\u00f3 \u0111\u00f2i h\u1ecfi \u1edf nh\u1eefng h\u1ecda s\u0129 trang tr\u00ed n\u1ed9i th\u1ea5t s\u1ef1 s\u00e1ng t\u1ea1o v\u00e0c\u00e1ch nh\u00ecn t\u1ed5ng th\u1ec3 h\u00e0i h\u00f2a trong t\u1eebng kh\u00f4ng gian n\u1ed9i th\u1ea5t.<\/p>\n<p style=\"font-weight: 400;\">Trang tr\u00ed thi c\u00f4ng n\u1ed9i th\u1ea5t l\u00e0 m\u1ed9t c\u00f4ng vi\u1ec7c \u0111\u00f2i h\u1ecfi s\u1ef1 am hi\u1ec3u t\u1ed5ng qu\u00e1t v\u1ec1 v\u1eadt li\u1ec7u, trang thi\u1ebft b\u1ecb, \u0111\u1eb7c t\u00ednh v\u00e0 c\u00e1ch th\u1ee9c thi c\u00f4ng c\u1ee7a t\u1eebng h\u1ea1ng m\u1ee5c. Thi c\u00f4ng n\u1ed9i th\u1ea5t chung c\u01b0 c\u0169ng nh\u01b0 c\u00e1c ki\u1ec3u thi\u1ebft k\u1ebf trang tr\u00edn\u1ed9i th\u1ea5t kh\u00e1c hi\u1ec7n nay \u0111\u00f2i h\u1ecfi t\u00ednh chuy\u00ean m\u00f4n cao.<\/p>\n<p style=\"font-weight: 400;\">Trang tr\u00ed n\u1ed9i th\u1ea5t c\u00f2n y\u00eau c\u1ea7u cao h\u01a1n trong vi\u1ec7c s\u1eafp x\u1ebfp n\u1ed9i th\u1ea5t m\u1ed9t c\u00e1ch h\u1ee3p l\u00fd h\u00e0i h\u00f2a v\u1edbi nhi\u1ec1u kh\u00f4ng gian c\u00f3 di\u1ec7n t\u00edch kh\u00e1c nhau, \u0111em l\u1ea1i m\u1ed9t cu\u1ed9c s\u1ed1ng ti\u1ec7n nghi ph\u00f9 h\u1ee3p v\u1edbi gia ch\u1ee7. Ch\u00ednh v\u00ec v\u1eady vi\u1ec7c thi\u1ebft k\u1ebf v\u00e0 thi c\u00f4ng n\u1ed9i th\u1ea5t \u0111\u00f2i h\u1ecfi ph\u1ea3i c\u00f3 s\u1ef1 k\u1ebft h\u1ee3p nh\u1ecbp nh\u00e0ng gi\u1eefa c\u00e1c \u0111\u1ed9i thi c\u00f4ng v\u00e0 gi\u00e1m s\u00e1t thi c\u00f4ng sao cho c\u00f4ng vi\u1ec7c \u0111\u00fang ti\u1ebfn \u0111\u1ed9, gi\u1eef \u0111\u01b0\u1ee3c t\u00ednh th\u1ea9m m\u1ef9, \u0111\u00fang k\u1ef9 thu\u1eadt theo b\u1ea3n thi\u1ebft k\u1ebf n\u1ed9i th\u1ea5t.<\/p>\n\n\t\t<\/div>\n\t<\/div>\n<\/div><\/div><\/div><\/div><div class=\"vc_row wpb_row vc_row-fluid\"><div class=\"wpb_column vc_column_container vc_col-sm-12\"><div class=\"vc_column-inner\"><div class=\"wpb_wrapper\">\n<div class=\"vc_grid-container-wrapper vc_clearfix\">\n\t<div class=\"vc_grid-container vc_clearfix wpb_content_element vc_media_grid\" data-initial-loading-animation=\"fadeIn\" data-vc-grid-settings=\"{&quot;page_id&quot;:125,&quot;style&quot;:&quot;all&quot;,&quot;action&quot;:&quot;vc_get_vc_grid_data&quot;,&quot;shortcode_id&quot;:&quot;1627739109046-2635de73-bad1-1&quot;,&quot;tag&quot;:&quot;vc_media_grid&quot;}\" data-vc-request=\"https:\/\/giaphatinfo.com.vn\/wp-admin\/admin-ajax.php\" data-vc-post-id=\"125\" data-vc-public-nonce=\"7cce8d4954\">\n\t\t\n\t<\/div>\n<\/div><\/div><\/div><\/div><\/div><div class=\"vc_row wpb_row vc_row-fluid\"><div class=\"wpb_column vc_column_container vc_col-sm-12\"><div class=\"vc_column-inner\"><div class=\"wpb_wrapper\">\n\t<div class=\"wpb_text_column wpb_content_element\" >\n\t\t<div class=\"wpb_wrapper\">\n\t\t\t<p style=\"font-weight: 400;\"><b>S\u1ef1 c\u1ea7n thi\u1ebft c\u1ee7a trang tr\u00ed n\u1ed9i th\u1ea5t v\u00e0 thi c\u00f4ng n\u1ed9i th\u1ea5t<\/b><\/p>\n<p style=\"font-weight: 400;\">Tr\u01b0\u1edbc \u0111\u00e2y ch\u00fang ta th\u01b0\u1eddng c\u00f3 th\u00f3i quen mua \u0111\u1ed3 n\u1ed9i th\u1ea5t b\u00e1n s\u1eb5n \u1edf ngo\u00e0i th\u1ecb tr\u01b0\u1eddng nh\u01b0 b\u00e0n gh\u1ebf, gi\u01b0\u1eddng k\u1ec7, t\u1ee7 s\u00e1ch, t\u1ee7 \u0111\u1ec3 gi\u00e0y\u2026v\u1ec1 t\u00f9y \u00fd s\u1eafp x\u1ebfp trong kh\u00f4ng gian nh\u00e0 m\u00ecnh sao cho thu\u1eadn m\u1eaft, kh\u00f4ng tu\u00e2n theo quy t\u1eafc b\u1ea5t k\u1ef3 n\u00e0o.<\/p>\n<p style=\"font-weight: 400;\">Ng\u00e0y nay th\u1ef1c t\u1ebf \u0111\u00e3 ch\u1ee9ng minh r\u1eb1ng, d\u00f9 c\u00e1c s\u1ea3n ph\u1ea9m n\u1ed9i th\u1ea5t c\u00f3 ch\u1ea5t l\u01b0\u1ee3ng \u0111\u1ebfn \u0111\u00e2u, l\u1ed9ng l\u1eaby nh\u01b0 th\u1ebf n\u00e0o m\u00e0 kh\u00f4ng \u0111\u01b0\u1ee3c trang tr\u00ed n\u1ed9i th\u1ea5t h\u1ee3p l\u00fd th\u00ec kh\u00f4ng gian b\u00ean trong ng\u00f4i nh\u00e0 kh\u00f4ng \u0111\u01b0\u1ee3c \u0111\u1eb9p m\u1eaft. B\u1edfi kh\u00f4ng c\u00f3 s\u1ef1 th\u1ed1ng nh\u1ea5t h\u00e0i h\u00f2a gi\u1eefa m\u00e0u s\u1eafc, b\u1ed1 c\u1ee5c, kh\u00f4ng c\u00f3 s\u1ef1 ph\u00f9 h\u1ee3p v\u1edbi\u00a0\u00a0c\u1ea3nh quan v\u00e0 kh\u00f4ng gian s\u1ed1ng.<\/p>\n\n\t\t<\/div>\n\t<\/div>\n<\/div><\/div><\/div><\/div>","protected":false},"excerpt":{"rendered":"Trang tr\u00ed n\u1ed9i th\u1ea5t v\u00e0 thi c\u00f4ng n\u1ed9i th\u1ea5t l\u00e0 g\u00ec? C\u01a1 b\u1ea3n trang tr\u00ed n\u1ed9i th\u1ea5t ch\u00ednh l\u00e0 s\u1ef1 s\u1eafp x\u1ebfp c\u00e1c \u0111\u1ed3 \u0111\u1ea1c m\u1ed9t c\u00e1ch h\u1ee3p l\u00fd, ph\u1ed1i h\u1ee3p h\u00e0i h\u00f2a gi\u1eefa b\u1ed1 c\u1ee5c, m\u00e0u s\u1eafc v\u00e0 \u00e1nh s\u00e1ng trong m\u1ed9t kh\u00f4ng gian nh\u1ea5t \u0111\u1ecbnh. N\u00f3 \u0111\u00f2i h\u1ecfi \u1edf nh\u1eefng h\u1ecda s\u0129 trang","protected":false},"author":1,"featured_media":0,"parent":0,"menu_order":0,"comment_status":"closed","ping_status":"closed","template":"","meta":[],"yoast_head":"<!-- This site is optimized with the Yoast SEO plugin v16.7 - https:\/\/yoast.com\/wordpress\/plugins\/seo\/ -->\n<title>giaphatinfo<\/title>\n<meta name=\"robots\" content=\"index, follow, max-snippet:-1, max-image-preview:large, max-video-preview:-1\" \/>\n<link rel=\"canonical\" href=\"https:\/\/giaphatinfo.com.vn\/en\/trang-tri-noi-that\/\" \/>\n<meta property=\"og:locale\" content=\"en_US\" \/>\n<meta property=\"og:type\" content=\"article\" \/>\n<meta property=\"og:title\" content=\"giaphatinfo\" \/>\n<meta property=\"og:url\" content=\"https:\/\/giaphatinfo.com.vn\/en\/trang-tri-noi-that\/\" \/>\n<meta property=\"og:site_name\" content=\"giaphatinfo\" \/>\n<meta property=\"article:modified_time\" content=\"2021-07-31T14:48:42+00:00\" \/>\n<meta name=\"twitter:card\" content=\"summary_large_image\" \/>\n<meta name=\"twitter:label1\" content=\"Est. reading time\" \/>\n\t<meta name=\"twitter:data1\" content=\"2 minutes\" \/>\n<script type=\"application\/ld+json\" class=\"yoast-schema-graph\">{\"@context\":\"https:\/\/schema.org\",\"@graph\":[{\"@type\":\"WebSite\",\"@id\":\"https:\/\/giaphatinfo.com.vn\/#website\",\"url\":\"https:\/\/giaphatinfo.com.vn\/\",\"name\":\"giaphatinfo\",\"description\":\"\",\"potentialAction\":[{\"@type\":\"SearchAction\",\"target\":{\"@type\":\"EntryPoint\",\"urlTemplate\":\"https:\/\/giaphatinfo.com.vn\/?s={search_term_string}\"},\"query-input\":\"required name=search_term_string\"}],\"inLanguage\":\"en-US\"},{\"@type\":\"WebPage\",\"@id\":\"https:\/\/giaphatinfo.com.vn\/trang-tri-noi-that\/#webpage\",\"url\":\"https:\/\/giaphatinfo.com.vn\/trang-tri-noi-that\/\",\"name\":\"giaphatinfo\",\"isPartOf\":{\"@id\":\"https:\/\/giaphatinfo.com.vn\/#website\"},\"datePublished\":\"2021-07-19T11:36:30+00:00\",\"dateModified\":\"2021-07-31T14:48:42+00:00\",\"breadcrumb\":{\"@id\":\"https:\/\/giaphatinfo.com.vn\/trang-tri-noi-that\/#breadcrumb\"},\"inLanguage\":\"en-US\",\"potentialAction\":[{\"@type\":\"ReadAction\",\"target\":[\"https:\/\/giaphatinfo.com.vn\/trang-tri-noi-that\/\"]}]},{\"@type\":\"BreadcrumbList\",\"@id\":\"https:\/\/giaphatinfo.com.vn\/trang-tri-noi-that\/#breadcrumb\",\"itemListElement\":[{\"@type\":\"ListItem\",\"position\":1,\"name\":\"Trang ch\\u1ee7\",\"item\":\"https:\/\/giaphatinfo.com.vn\/\"},{\"@type\":\"ListItem\",\"position\":2,\"name\":\"TRANG TR\\u00cd N\\u1ed8I TH\\u1ea4T\"}]}]}<\/script>\n<!-- \/ Yoast SEO plugin. -->","yoast_head_json":{"title":"giaphatinfo","robots":{"index":"index","follow":"follow","max-snippet":"max-snippet:-1","max-image-preview":"max-image-preview:large","max-video-preview":"max-video-preview:-1"},"canonical":"https:\/\/giaphatinfo.com.vn\/en\/trang-tri-noi-that\/","og_locale":"en_US","og_type":"article","og_title":"giaphatinfo","og_url":"https:\/\/giaphatinfo.com.vn\/en\/trang-tri-noi-that\/","og_site_name":"giaphatinfo","article_modified_time":"2021-07-31T14:48:42+00:00","twitter_card":"summary_large_image","twitter_misc":{"Est. reading time":"2 minutes"},"schema":{"@context":"https:\/\/schema.org","@graph":[{"@type":"WebSite","@id":"https:\/\/giaphatinfo.com.vn\/#website","url":"https:\/\/giaphatinfo.com.vn\/","name":"giaphatinfo","description":"","potentialAction":[{"@type":"SearchAction","target":{"@type":"EntryPoint","urlTemplate":"https:\/\/giaphatinfo.com.vn\/?s={search_term_string}"},"query-input":"required name=search_term_string"}],"inLanguage":"en-US"},{"@type":"WebPage","@id":"https:\/\/giaphatinfo.com.vn\/trang-tri-noi-that\/#webpage","url":"https:\/\/giaphatinfo.com.vn\/trang-tri-noi-that\/","name":"giaphatinfo","isPartOf":{"@id":"https:\/\/giaphatinfo.com.vn\/#website"},"datePublished":"2021-07-19T11:36:30+00:00","dateModified":"2021-07-31T14:48:42+00:00","breadcrumb":{"@id":"https:\/\/giaphatinfo.com.vn\/trang-tri-noi-that\/#breadcrumb"},"inLanguage":"en-US","potentialAction":[{"@type":"ReadAction","target":["https:\/\/giaphatinfo.com.vn\/trang-tri-noi-that\/"]}]},{"@type":"BreadcrumbList","@id":"https:\/\/giaphatinfo.com.vn\/trang-tri-noi-that\/#breadcrumb","itemListElement":[{"@type":"ListItem","position":1,"name":"Trang ch\u1ee7","item":"https:\/\/giaphatinfo.com.vn\/"},{"@type":"ListItem","position":2,"name":"TRANG TR\u00cd N\u1ed8I TH\u1ea4T"}]}]}},"_links":{"self":[{"href":"https:\/\/giaphatinfo.com.vn\/en\/wp-json\/wp\/v2\/pages\/125"}],"collection":[{"href":"https:\/\/giaphatinfo.com.vn\/en\/wp-json\/wp\/v2\/pages"}],"about":[{"href":"https:\/\/giaphatinfo.com.vn\/en\/wp-json\/wp\/v2\/types\/page"}],"author":[{"embeddable":true,"href":"https:\/\/giaphatinfo.com.vn\/en\/wp-json\/wp\/v2\/users\/1"}],"replies":[{"embeddable":true,"href":"https:\/\/giaphatinfo.com.vn\/en\/wp-json\/wp\/v2\/comments?post=125"}],"version-history":[{"count":3,"href":"https:\/\/giaphatinfo.com.vn\/en\/wp-json\/wp\/v2\/pages\/125\/revisions"}],"predecessor-version":[{"id":169,"href":"https:\/\/giaphatinfo.com.vn\/en\/wp-json\/wp\/v2\/pages\/125\/revisions\/169"}],"wp:attachment":[{"href":"https:\/\/giaphatinfo.com.vn\/en\/wp-json\/wp\/v2\/media?parent=125"}],"curies":[{"name":"wp","href":"https:\/\/api.w.org\/{rel}","templated":true}]}}