{"id":13,"date":"2021-07-14T10:45:23","date_gmt":"2021-07-14T10:45:23","guid":{"rendered":"http:\/\/giaphatinfo.123websitedev.com\/?page_id=13"},"modified":"2021-07-31T13:42:01","modified_gmt":"2021-07-31T13:42:01","slug":"gioi-thieu","status":"publish","type":"page","link":"https:\/\/giaphatinfo.com.vn\/en\/gioi-thieu\/","title":{"rendered":"Introduce"},"content":{"rendered":"<div class=\"vc_row wpb_row vc_row-fluid\"><div class=\"wpb_column vc_column_container vc_col-sm-12\"><div class=\"vc_column-inner\"><div class=\"wpb_wrapper\"><div class=\"vc_tta-container\" data-vc-action=\"collapse\"><div class=\"vc_general vc_tta vc_tta-tabs vc_tta-color-white vc_tta-style-classic vc_tta-shape-square vc_tta-spacing-1 vc_tta-o-no-fill vc_tta-tabs-position-top vc_tta-controls-align-center\"><div class=\"vc_tta-tabs-container\"><ul class=\"vc_tta-tabs-list\"><li class=\"vc_tta-tab vc_active\" data-vc-tab><a href=\"#1626423523526-2781f30d-77b8\" data-vc-tabs data-vc-container=\".vc_tta\"><span class=\"vc_tta-title-text\">Introduce<\/span><\/a><\/li><li class=\"vc_tta-tab\" data-vc-tab><a href=\"#1626423453005-c18d6da1-6047\" data-vc-tabs data-vc-container=\".vc_tta\"><span class=\"vc_tta-title-text\">History begin<\/span><\/a><\/li><li class=\"vc_tta-tab\" data-vc-tab><a href=\"#1626423453016-4b597985-34a1\" data-vc-tabs data-vc-container=\".vc_tta\"><span class=\"vc_tta-title-text\">Core values<\/span><\/a><\/li><li class=\"vc_tta-tab\" data-vc-tab><a href=\"#1626423522645-5d0e5229-191e\" data-vc-tabs data-vc-container=\".vc_tta\"><span class=\"vc_tta-title-text\">Organizational chart<\/span><\/a><\/li><\/ul><\/div><div class=\"vc_tta-panels-container\"><div class=\"vc_tta-panels\"><div class=\"vc_tta-panel vc_active\" id=\"1626423523526-2781f30d-77b8\" data-vc-content=\".vc_tta-panel-body\"><div class=\"vc_tta-panel-heading\"><h4 class=\"vc_tta-panel-title\"><a href=\"#1626423523526-2781f30d-77b8\" data-vc-accordion data-vc-container=\".vc_tta-container\"><span class=\"vc_tta-title-text\">Introduce<\/span><\/a><\/h4><\/div><div class=\"vc_tta-panel-body\">\n\t<div class=\"wpb_text_column wpb_content_element\" >\n\t\t<div class=\"wpb_wrapper\">\n\t\t\t<p>About Gia Phat Co.,Ltd<\/p>\n<p>Operating in the field of architectural design, interior design, design consultancy and interior decoration.<\/p>\n<p>Established in 2009, the company&#39;s main strength is architectural design and construction of high-class interior products that require dedication, love for the profession and high aesthetics.<\/p>\n<p>In addition to supplying raw materials for production units, we also construct and manufacture high-end products for civil works such as: Interior design of villas, high-class apartments, luxury apartments, etc. high-class office buildings, or spaces that require other sophisticated luxury...<\/p>\n<p>With a team of experienced consulting architects, a highly qualified construction team and a high sense of responsibility, our goal is to provide customers with designs with optimal ideas and solutions. the most, ensuring aesthetic, impressive, outstanding. Always satisfy customers, even the most demanding customers.<\/p>\n<p>Customers coming to Gia Phat will discuss with us and find out what you really want for the house. Our interior decoration company is a dedicated, serious professional who is the place where you put your trust.<\/p>\n<p>With the motto of bringing comfort and satisfaction of customers is our happiness. We exist on the basis of trust from customers through work and development of each design. Let us take care of your life!<\/p>\n\n\t\t<\/div>\n\t<\/div>\n<\/div><\/div><div class=\"vc_tta-panel\" id=\"1626423453005-c18d6da1-6047\" data-vc-content=\".vc_tta-panel-body\"><div class=\"vc_tta-panel-heading\"><h4 class=\"vc_tta-panel-title\"><a href=\"#1626423453005-c18d6da1-6047\" data-vc-accordion data-vc-container=\".vc_tta-container\"><span class=\"vc_tta-title-text\">History begin<\/span><\/a><\/h4><\/div><div class=\"vc_tta-panel-body\">\n\t<div class=\"wpb_text_column wpb_content_element\" >\n\t\t<div class=\"wpb_wrapper\">\n\t\t\t<p>Operating in the field of architectural design, interior design, design consultancy and interior decoration.<\/p>\n<p>Established in 2009, the company&#39;s main strength is architectural design and construction of high-class interior products that require dedication, love for the profession and high aesthetics.<\/p>\n\n\t\t<\/div>\n\t<\/div>\n<\/div><\/div><div class=\"vc_tta-panel\" id=\"1626423453016-4b597985-34a1\" data-vc-content=\".vc_tta-panel-body\"><div class=\"vc_tta-panel-heading\"><h4 class=\"vc_tta-panel-title\"><a href=\"#1626423453016-4b597985-34a1\" data-vc-accordion data-vc-container=\".vc_tta-container\"><span class=\"vc_tta-title-text\">Core values<\/span><\/a><\/h4><\/div><div class=\"vc_tta-panel-body\">\n\t<div class=\"wpb_text_column wpb_content_element\" >\n\t\t<div class=\"wpb_wrapper\">\n\t\t\t<p>With the motto of bringing comfort and satisfaction of customers is our happiness. We exist on the basis of trust from customers through work and development of each design. Let us take care of your life!<\/p>\n\n\t\t<\/div>\n\t<\/div>\n<\/div><\/div><div class=\"vc_tta-panel\" id=\"1626423522645-5d0e5229-191e\" data-vc-content=\".vc_tta-panel-body\"><div class=\"vc_tta-panel-heading\"><h4 class=\"vc_tta-panel-title\"><a href=\"#1626423522645-5d0e5229-191e\" data-vc-accordion data-vc-container=\".vc_tta-container\"><span class=\"vc_tta-title-text\">Organizational chart<\/span><\/a><\/h4><\/div><div class=\"vc_tta-panel-body\">\n\t<div  class=\"wpb_single_image wpb_content_element vc_align_center\">\n\t\t\n\t\t<figure class=\"wpb_wrapper vc_figure\">\n\t\t\t<div class=\"vc_single_image-wrapper   vc_box_border_grey\"><img width=\"2560\" height=\"2029\" src=\"https:\/\/giaphatinfo.com.vn\/wp-content\/uploads\/2021\/07\/So-do-cong-ty-converted-2-scaled.jpg\" class=\"vc_single_image-img attachment-full\" alt=\"\" decoding=\"async\" loading=\"lazy\" srcset=\"https:\/\/giaphatinfo.com.vn\/wp-content\/uploads\/2021\/07\/So-do-cong-ty-converted-2-scaled.jpg 2560w, https:\/\/giaphatinfo.com.vn\/wp-content\/uploads\/2021\/07\/So-do-cong-ty-converted-2-300x238.jpg 300w, https:\/\/giaphatinfo.com.vn\/wp-content\/uploads\/2021\/07\/So-do-cong-ty-converted-2-1024x812.jpg 1024w, https:\/\/giaphatinfo.com.vn\/wp-content\/uploads\/2021\/07\/So-do-cong-ty-converted-2-768x609.jpg 768w, https:\/\/giaphatinfo.com.vn\/wp-content\/uploads\/2021\/07\/So-do-cong-ty-converted-2-1536x1218.jpg 1536w, https:\/\/giaphatinfo.com.vn\/wp-content\/uploads\/2021\/07\/So-do-cong-ty-converted-2-2048x1624.jpg 2048w, https:\/\/giaphatinfo.com.vn\/wp-content\/uploads\/2021\/07\/So-do-cong-ty-converted-2-1000x793.jpg 1000w\" sizes=\"(max-width: 2560px) 100vw, 2560px\" \/><\/div>\n\t\t<\/figure>\n\t<\/div>\n<\/div><\/div><\/div><\/div><\/div><\/div><\/div><\/div><\/div><\/div>","protected":false},"excerpt":{"rendered":"Gi\u1edbi Thi\u1ec7uL\u1ecbch S\u1eed H\u00ecnh Th\u00e0nhGi\u00e1 Tr\u1ecb C\u1ed1t L\u00f5iS\u01a1 \u0110\u1ed3 T\u1ed5 Ch\u1ee9cGi\u1edbi Thi\u1ec7u \u0110\u00f4i n\u00e9t v\u1ec1 Gia Phat Co.,Ltd Ho\u1ea1t \u0111\u1ed9ng trong l\u0129nh v\u1ef1c thi\u1ebft k\u1ebf ki\u1ebfn tr\u00fac,\u00a0thi\u1ebft k\u1ebf n\u1ed9i th\u1ea5t, t\u01b0 v\u1ea5n thi\u1ebft k\u1ebf v\u00e0 trang tr\u00ed n\u1ed9i th\u1ea5t. \u0110\u01b0\u1ee3c th\u00e0nh l\u1eadp t\u1eeb n\u0103m 2009, c\u00f4ng ty v\u1edbi th\u1ebf m\u1ea1nh ch\u1ee7 l\u1ef1c l\u00e0\u00a0thi\u1ebft k\u1ebf ki\u1ebfn","protected":false},"author":1,"featured_media":0,"parent":0,"menu_order":0,"comment_status":"closed","ping_status":"closed","template":"","meta":[],"yoast_head":"<!-- This site is optimized with the Yoast SEO plugin v16.7 - https:\/\/yoast.com\/wordpress\/plugins\/seo\/ -->\n<title>giaphatinfo<\/title>\n<meta name=\"robots\" content=\"index, follow, max-snippet:-1, max-image-preview:large, max-video-preview:-1\" \/>\n<link rel=\"canonical\" href=\"https:\/\/giaphatinfo.com.vn\/en\/gioi-thieu\/\" \/>\n<meta property=\"og:locale\" content=\"en_US\" \/>\n<meta property=\"og:type\" content=\"article\" \/>\n<meta property=\"og:title\" content=\"giaphatinfo\" \/>\n<meta property=\"og:url\" content=\"https:\/\/giaphatinfo.com.vn\/en\/gioi-thieu\/\" \/>\n<meta property=\"og:site_name\" content=\"giaphatinfo\" \/>\n<meta property=\"article:modified_time\" content=\"2021-07-31T13:42:01+00:00\" \/>\n<meta name=\"twitter:card\" content=\"summary_large_image\" \/>\n<meta name=\"twitter:label1\" content=\"Est. reading time\" \/>\n\t<meta name=\"twitter:data1\" content=\"2 minutes\" \/>\n<script type=\"application\/ld+json\" class=\"yoast-schema-graph\">{\"@context\":\"https:\/\/schema.org\",\"@graph\":[{\"@type\":\"WebSite\",\"@id\":\"https:\/\/giaphatinfo.com.vn\/#website\",\"url\":\"https:\/\/giaphatinfo.com.vn\/\",\"name\":\"giaphatinfo\",\"description\":\"\",\"potentialAction\":[{\"@type\":\"SearchAction\",\"target\":{\"@type\":\"EntryPoint\",\"urlTemplate\":\"https:\/\/giaphatinfo.com.vn\/?s={search_term_string}\"},\"query-input\":\"required name=search_term_string\"}],\"inLanguage\":\"en-US\"},{\"@type\":\"WebPage\",\"@id\":\"https:\/\/giaphatinfo.com.vn\/gioi-thieu\/#webpage\",\"url\":\"https:\/\/giaphatinfo.com.vn\/gioi-thieu\/\",\"name\":\"giaphatinfo\",\"isPartOf\":{\"@id\":\"https:\/\/giaphatinfo.com.vn\/#website\"},\"datePublished\":\"2021-07-14T10:45:23+00:00\",\"dateModified\":\"2021-07-31T13:42:01+00:00\",\"breadcrumb\":{\"@id\":\"https:\/\/giaphatinfo.com.vn\/gioi-thieu\/#breadcrumb\"},\"inLanguage\":\"en-US\",\"potentialAction\":[{\"@type\":\"ReadAction\",\"target\":[\"https:\/\/giaphatinfo.com.vn\/gioi-thieu\/\"]}]},{\"@type\":\"BreadcrumbList\",\"@id\":\"https:\/\/giaphatinfo.com.vn\/gioi-thieu\/#breadcrumb\",\"itemListElement\":[{\"@type\":\"ListItem\",\"position\":1,\"name\":\"Trang ch\\u1ee7\",\"item\":\"https:\/\/giaphatinfo.com.vn\/\"},{\"@type\":\"ListItem\",\"position\":2,\"name\":\"Gi\\u1edbi thi\\u1ec7u\"}]}]}<\/script>\n<!-- \/ Yoast SEO plugin. -->","yoast_head_json":{"title":"giaphatinfo","robots":{"index":"index","follow":"follow","max-snippet":"max-snippet:-1","max-image-preview":"max-image-preview:large","max-video-preview":"max-video-preview:-1"},"canonical":"https:\/\/giaphatinfo.com.vn\/en\/gioi-thieu\/","og_locale":"en_US","og_type":"article","og_title":"giaphatinfo","og_url":"https:\/\/giaphatinfo.com.vn\/en\/gioi-thieu\/","og_site_name":"giaphatinfo","article_modified_time":"2021-07-31T13:42:01+00:00","twitter_card":"summary_large_image","twitter_misc":{"Est. reading time":"2 minutes"},"schema":{"@context":"https:\/\/schema.org","@graph":[{"@type":"WebSite","@id":"https:\/\/giaphatinfo.com.vn\/#website","url":"https:\/\/giaphatinfo.com.vn\/","name":"giaphatinfo","description":"","potentialAction":[{"@type":"SearchAction","target":{"@type":"EntryPoint","urlTemplate":"https:\/\/giaphatinfo.com.vn\/?s={search_term_string}"},"query-input":"required name=search_term_string"}],"inLanguage":"en-US"},{"@type":"WebPage","@id":"https:\/\/giaphatinfo.com.vn\/gioi-thieu\/#webpage","url":"https:\/\/giaphatinfo.com.vn\/gioi-thieu\/","name":"giaphatinfo","isPartOf":{"@id":"https:\/\/giaphatinfo.com.vn\/#website"},"datePublished":"2021-07-14T10:45:23+00:00","dateModified":"2021-07-31T13:42:01+00:00","breadcrumb":{"@id":"https:\/\/giaphatinfo.com.vn\/gioi-thieu\/#breadcrumb"},"inLanguage":"en-US","potentialAction":[{"@type":"ReadAction","target":["https:\/\/giaphatinfo.com.vn\/gioi-thieu\/"]}]},{"@type":"BreadcrumbList","@id":"https:\/\/giaphatinfo.com.vn\/gioi-thieu\/#breadcrumb","itemListElement":[{"@type":"ListItem","position":1,"name":"Trang ch\u1ee7","item":"https:\/\/giaphatinfo.com.vn\/"},{"@type":"ListItem","position":2,"name":"Gi\u1edbi thi\u1ec7u"}]}]}},"_links":{"self":[{"href":"https:\/\/giaphatinfo.com.vn\/en\/wp-json\/wp\/v2\/pages\/13"}],"collection":[{"href":"https:\/\/giaphatinfo.com.vn\/en\/wp-json\/wp\/v2\/pages"}],"about":[{"href":"https:\/\/giaphatinfo.com.vn\/en\/wp-json\/wp\/v2\/types\/page"}],"author":[{"embeddable":true,"href":"https:\/\/giaphatinfo.com.vn\/en\/wp-json\/wp\/v2\/users\/1"}],"replies":[{"embeddable":true,"href":"https:\/\/giaphatinfo.com.vn\/en\/wp-json\/wp\/v2\/comments?post=13"}],"version-history":[{"count":7,"href":"https:\/\/giaphatinfo.com.vn\/en\/wp-json\/wp\/v2\/pages\/13\/revisions"}],"predecessor-version":[{"id":167,"href":"https:\/\/giaphatinfo.com.vn\/en\/wp-json\/wp\/v2\/pages\/13\/revisions\/167"}],"wp:attachment":[{"href":"https:\/\/giaphatinfo.com.vn\/en\/wp-json\/wp\/v2\/media?parent=13"}],"curies":[{"name":"wp","href":"https:\/\/api.w.org\/{rel}","templated":true}]}}