{"id":17,"date":"2021-07-14T10:48:11","date_gmt":"2021-07-14T10:48:11","guid":{"rendered":"http:\/\/giaphatinfo.123websitedev.com\/?page_id=17"},"modified":"2021-08-02T10:16:03","modified_gmt":"2021-08-02T10:16:03","slug":"dich-vu","status":"publish","type":"page","link":"https:\/\/giaphatinfo.com.vn\/en\/dich-vu\/","title":{"rendered":"Service"},"content":{"rendered":"<div class=\"vc_row wpb_row vc_row-fluid\"><div class=\"wpb_column vc_column_container vc_col-sm-2\"><div class=\"vc_column-inner\"><div class=\"wpb_wrapper\"><\/div><\/div><\/div><div class=\"wpb_column vc_column_container vc_col-sm-8\"><div class=\"vc_column-inner\"><div class=\"wpb_wrapper\"><h2 style=\"text-align: center\" class=\"vc_custom_heading title\" >DANH S\u00c1CH PHONG C\u00c1CH C\u1ee6A CH\u00daNG T\u00d4I C\u00d3 TH\u1ec2 GI\u00daP B\u1ea0N NH\u01af TH\u1ebe N\u00c0O?<\/h2>\n\t<div class=\"wpb_text_column wpb_content_element\" >\n\t\t<div class=\"wpb_wrapper\">\n\t\t\t<p style=\"text-align: center;\">Ch\u00fang t\u00f4i \u1edf \u0111\u00e2y \u0111\u1ec3 gi\u00fap b\u1ea1n t\u1ea1o ra m\u1ed9t ng\u00f4i nh\u00e0 ph\u00f9 h\u1ee3p v\u1edbi phong c\u00e1ch s\u1ed1ng v\u00e0 t\u00ednh c\u00e1ch c\u1ee7a b\u1ea1n. C\u00e1c nh\u00e0 thi\u1ebft k\u1ebf n\u1ed9i th\u1ea5t c\u1ee7a ch\u00fang t\u00f4i s\u1ebd gi\u00fap b\u1ea1n v\u1edbi b\u1ea5t k\u1ef3 d\u1ef1 \u00e1n n\u00e0o d\u00f9 l\u1edbn hay nh\u1ecf. Kh\u00e1m ph\u00e1 d\u1ecbch v\u1ee5 Thi\u1ebft k\u1ebf n\u1ed9i th\u1ea5t c\u1ee7a ch\u00fang t\u00f4i b\u00ean d\u01b0\u1edbi v\u00e0 b\u1eaft \u0111\u1ea7u cu\u1ed9c tr\u00f2 chuy\u1ec7n tr\u00ean \u0111i\u1ec7n tho\u1ea1i, h\u1ea7u nh\u01b0, t\u1ea1i nh\u00e0 c\u1ee7a b\u1ea1n ho\u1eb7c t\u1ea1i c\u1eeda h\u00e0ng c\u1ee7a ch\u00fang t\u00f4i.<\/p>\n\n\t\t<\/div>\n\t<\/div>\n<\/div><\/div><\/div><div class=\"wpb_column vc_column_container vc_col-sm-2\"><div class=\"vc_column-inner\"><div class=\"wpb_wrapper\"><\/div><\/div><\/div><\/div><div class=\"vc_row wpb_row vc_row-fluid\"><div class=\"wpb_column vc_column_container vc_col-sm-4\"><div class=\"vc_column-inner\"><div class=\"wpb_wrapper\">    <div class=\"\">\r\n        <div class=\"\">\r\n                        <div class=\"box-service\">\r\n                <img width=\"600\" height=\"600\" src=\"https:\/\/giaphatinfo.com.vn\/wp-content\/uploads\/2021\/07\/1470846111.jpg\" class=\"img-responsive\" alt=\"\" decoding=\"async\" loading=\"lazy\" srcset=\"https:\/\/giaphatinfo.com.vn\/wp-content\/uploads\/2021\/07\/1470846111.jpg 600w, https:\/\/giaphatinfo.com.vn\/wp-content\/uploads\/2021\/07\/1470846111-300x300.jpg 300w, https:\/\/giaphatinfo.com.vn\/wp-content\/uploads\/2021\/07\/1470846111-150x150.jpg 150w, https:\/\/giaphatinfo.com.vn\/wp-content\/uploads\/2021\/07\/1470846111-100x100.jpg 100w\" sizes=\"(max-width: 600px) 100vw, 600px\" \/>                <h3><a href=\"https:\/\/giaphatinfo.com.vn\/en\/trang-tri-noi-that\/\" class=\"\">TRANG TR\u00cd N\u1ed8I TH\u1ea4T<\/a><\/h3>\r\n                <a href=\"https:\/\/giaphatinfo.com.vn\/en\/trang-tri-noi-that\/\" class=\"btn-service\">Chi Ti\u1ebft\r\n                <\/a>\r\n            <\/div>  \r\n        <\/div>\r\n    <\/div>\r\n    <\/div><\/div><\/div><div class=\"wpb_column vc_column_container vc_col-sm-4\"><div class=\"vc_column-inner\"><div class=\"wpb_wrapper\">    <div class=\"\">\r\n        <div class=\"\">\r\n                        <div class=\"box-service\">\r\n                <img width=\"608\" height=\"608\" src=\"https:\/\/giaphatinfo.com.vn\/wp-content\/uploads\/2021\/07\/1470847106.jpg\" class=\"img-responsive\" alt=\"\" decoding=\"async\" loading=\"lazy\" srcset=\"https:\/\/giaphatinfo.com.vn\/wp-content\/uploads\/2021\/07\/1470847106.jpg 608w, https:\/\/giaphatinfo.com.vn\/wp-content\/uploads\/2021\/07\/1470847106-300x300.jpg 300w, https:\/\/giaphatinfo.com.vn\/wp-content\/uploads\/2021\/07\/1470847106-150x150.jpg 150w, https:\/\/giaphatinfo.com.vn\/wp-content\/uploads\/2021\/07\/1470847106-100x100.jpg 100w\" sizes=\"(max-width: 608px) 100vw, 608px\" \/>                <h3><a href=\"https:\/\/giaphatinfo.com.vn\/en\/thiet-ke-thi-cong-hoan-thien-noi-that-nha-pho\/\" class=\"\">THI\u1ebeT K\u1ebe, THI C\u00d4NG HO\u00c0N THI\u1ec6N N\u1ed8I TH\u1ea4T NH\u00c0 PH\u1ed0<\/a><\/h3>\r\n                <a href=\"https:\/\/giaphatinfo.com.vn\/en\/thiet-ke-thi-cong-hoan-thien-noi-that-nha-pho\/\" class=\"btn-service\">Chi Ti\u1ebft\r\n                <\/a>\r\n            <\/div>  \r\n        <\/div>\r\n    <\/div>\r\n    <\/div><\/div><\/div><div class=\"wpb_column vc_column_container vc_col-sm-4\"><div class=\"vc_column-inner\"><div class=\"wpb_wrapper\">    <div class=\"\">\r\n        <div class=\"\">\r\n                        <div class=\"box-service\">\r\n                <img width=\"479\" height=\"479\" src=\"https:\/\/giaphatinfo.com.vn\/wp-content\/uploads\/2021\/07\/1623313455.jpg\" class=\"img-responsive\" alt=\"\" decoding=\"async\" loading=\"lazy\" srcset=\"https:\/\/giaphatinfo.com.vn\/wp-content\/uploads\/2021\/07\/1623313455.jpg 479w, https:\/\/giaphatinfo.com.vn\/wp-content\/uploads\/2021\/07\/1623313455-300x300.jpg 300w, https:\/\/giaphatinfo.com.vn\/wp-content\/uploads\/2021\/07\/1623313455-150x150.jpg 150w, https:\/\/giaphatinfo.com.vn\/wp-content\/uploads\/2021\/07\/1623313455-100x100.jpg 100w\" sizes=\"(max-width: 479px) 100vw, 479px\" \/>                <h3><a href=\"https:\/\/giaphatinfo.com.vn\/en\/jbl-tai-crescent-mall-quan\/\" class=\"\">JBL T\u1ea0I CRESCENT MALL QU\u1eacN<\/a><\/h3>\r\n                <a href=\"https:\/\/giaphatinfo.com.vn\/en\/jbl-tai-crescent-mall-quan\/\" class=\"btn-service\">Chi Ti\u1ebft\r\n                <\/a>\r\n            <\/div>  \r\n        <\/div>\r\n    <\/div>\r\n    <\/div><\/div><\/div><\/div>","protected":false},"excerpt":{"rendered":"DANH S\u00c1CH PHONG C\u00c1CH C\u1ee6A CH\u00daNG T\u00d4I C\u00d3 TH\u1ec2 GI\u00daP B\u1ea0N NH\u01af TH\u1ebe N\u00c0O? Ch\u00fang t\u00f4i \u1edf \u0111\u00e2y \u0111\u1ec3 gi\u00fap b\u1ea1n t\u1ea1o ra m\u1ed9t ng\u00f4i nh\u00e0 ph\u00f9 h\u1ee3p v\u1edbi phong c\u00e1ch s\u1ed1ng v\u00e0 t\u00ednh c\u00e1ch c\u1ee7a b\u1ea1n. C\u00e1c nh\u00e0 thi\u1ebft k\u1ebf n\u1ed9i th\u1ea5t c\u1ee7a ch\u00fang t\u00f4i s\u1ebd gi\u00fap b\u1ea1n v\u1edbi b\u1ea5t k\u1ef3 d\u1ef1 \u00e1n n\u00e0o","protected":false},"author":1,"featured_media":0,"parent":0,"menu_order":0,"comment_status":"closed","ping_status":"closed","template":"","meta":[],"yoast_head":"<!-- This site is optimized with the Yoast SEO plugin v16.7 - https:\/\/yoast.com\/wordpress\/plugins\/seo\/ -->\n<title>giaphatinfo<\/title>\n<meta name=\"robots\" content=\"index, follow, max-snippet:-1, max-image-preview:large, max-video-preview:-1\" \/>\n<link rel=\"canonical\" href=\"https:\/\/giaphatinfo.com.vn\/en\/dich-vu\/\" \/>\n<meta property=\"og:locale\" content=\"en_US\" \/>\n<meta property=\"og:type\" content=\"article\" \/>\n<meta property=\"og:title\" content=\"giaphatinfo\" \/>\n<meta property=\"og:url\" content=\"https:\/\/giaphatinfo.com.vn\/en\/dich-vu\/\" \/>\n<meta property=\"og:site_name\" content=\"giaphatinfo\" \/>\n<meta property=\"article:modified_time\" content=\"2021-08-02T10:16:03+00:00\" \/>\n<meta name=\"twitter:card\" content=\"summary_large_image\" \/>\n<meta name=\"twitter:label1\" content=\"Est. reading time\" \/>\n\t<meta name=\"twitter:data1\" content=\"1 minute\" \/>\n<script type=\"application\/ld+json\" class=\"yoast-schema-graph\">{\"@context\":\"https:\/\/schema.org\",\"@graph\":[{\"@type\":\"WebSite\",\"@id\":\"https:\/\/giaphatinfo.com.vn\/#website\",\"url\":\"https:\/\/giaphatinfo.com.vn\/\",\"name\":\"giaphatinfo\",\"description\":\"\",\"potentialAction\":[{\"@type\":\"SearchAction\",\"target\":{\"@type\":\"EntryPoint\",\"urlTemplate\":\"https:\/\/giaphatinfo.com.vn\/?s={search_term_string}\"},\"query-input\":\"required name=search_term_string\"}],\"inLanguage\":\"en-US\"},{\"@type\":\"WebPage\",\"@id\":\"https:\/\/giaphatinfo.com.vn\/dich-vu\/#webpage\",\"url\":\"https:\/\/giaphatinfo.com.vn\/dich-vu\/\",\"name\":\"giaphatinfo\",\"isPartOf\":{\"@id\":\"https:\/\/giaphatinfo.com.vn\/#website\"},\"datePublished\":\"2021-07-14T10:48:11+00:00\",\"dateModified\":\"2021-08-02T10:16:03+00:00\",\"breadcrumb\":{\"@id\":\"https:\/\/giaphatinfo.com.vn\/dich-vu\/#breadcrumb\"},\"inLanguage\":\"en-US\",\"potentialAction\":[{\"@type\":\"ReadAction\",\"target\":[\"https:\/\/giaphatinfo.com.vn\/dich-vu\/\"]}]},{\"@type\":\"BreadcrumbList\",\"@id\":\"https:\/\/giaphatinfo.com.vn\/dich-vu\/#breadcrumb\",\"itemListElement\":[{\"@type\":\"ListItem\",\"position\":1,\"name\":\"Trang ch\\u1ee7\",\"item\":\"https:\/\/giaphatinfo.com.vn\/\"},{\"@type\":\"ListItem\",\"position\":2,\"name\":\"D\\u1ecbch v\\u1ee5\"}]}]}<\/script>\n<!-- \/ Yoast SEO plugin. -->","yoast_head_json":{"title":"giaphatinfo","robots":{"index":"index","follow":"follow","max-snippet":"max-snippet:-1","max-image-preview":"max-image-preview:large","max-video-preview":"max-video-preview:-1"},"canonical":"https:\/\/giaphatinfo.com.vn\/en\/dich-vu\/","og_locale":"en_US","og_type":"article","og_title":"giaphatinfo","og_url":"https:\/\/giaphatinfo.com.vn\/en\/dich-vu\/","og_site_name":"giaphatinfo","article_modified_time":"2021-08-02T10:16:03+00:00","twitter_card":"summary_large_image","twitter_misc":{"Est. reading time":"1 minute"},"schema":{"@context":"https:\/\/schema.org","@graph":[{"@type":"WebSite","@id":"https:\/\/giaphatinfo.com.vn\/#website","url":"https:\/\/giaphatinfo.com.vn\/","name":"giaphatinfo","description":"","potentialAction":[{"@type":"SearchAction","target":{"@type":"EntryPoint","urlTemplate":"https:\/\/giaphatinfo.com.vn\/?s={search_term_string}"},"query-input":"required name=search_term_string"}],"inLanguage":"en-US"},{"@type":"WebPage","@id":"https:\/\/giaphatinfo.com.vn\/dich-vu\/#webpage","url":"https:\/\/giaphatinfo.com.vn\/dich-vu\/","name":"giaphatinfo","isPartOf":{"@id":"https:\/\/giaphatinfo.com.vn\/#website"},"datePublished":"2021-07-14T10:48:11+00:00","dateModified":"2021-08-02T10:16:03+00:00","breadcrumb":{"@id":"https:\/\/giaphatinfo.com.vn\/dich-vu\/#breadcrumb"},"inLanguage":"en-US","potentialAction":[{"@type":"ReadAction","target":["https:\/\/giaphatinfo.com.vn\/dich-vu\/"]}]},{"@type":"BreadcrumbList","@id":"https:\/\/giaphatinfo.com.vn\/dich-vu\/#breadcrumb","itemListElement":[{"@type":"ListItem","position":1,"name":"Trang ch\u1ee7","item":"https:\/\/giaphatinfo.com.vn\/"},{"@type":"ListItem","position":2,"name":"D\u1ecbch v\u1ee5"}]}]}},"_links":{"self":[{"href":"https:\/\/giaphatinfo.com.vn\/en\/wp-json\/wp\/v2\/pages\/17"}],"collection":[{"href":"https:\/\/giaphatinfo.com.vn\/en\/wp-json\/wp\/v2\/pages"}],"about":[{"href":"https:\/\/giaphatinfo.com.vn\/en\/wp-json\/wp\/v2\/types\/page"}],"author":[{"embeddable":true,"href":"https:\/\/giaphatinfo.com.vn\/en\/wp-json\/wp\/v2\/users\/1"}],"replies":[{"embeddable":true,"href":"https:\/\/giaphatinfo.com.vn\/en\/wp-json\/wp\/v2\/comments?post=17"}],"version-history":[{"count":25,"href":"https:\/\/giaphatinfo.com.vn\/en\/wp-json\/wp\/v2\/pages\/17\/revisions"}],"predecessor-version":[{"id":111,"href":"https:\/\/giaphatinfo.com.vn\/en\/wp-json\/wp\/v2\/pages\/17\/revisions\/111"}],"wp:attachment":[{"href":"https:\/\/giaphatinfo.com.vn\/en\/wp-json\/wp\/v2\/media?parent=17"}],"curies":[{"name":"wp","href":"https:\/\/api.w.org\/{rel}","templated":true}]}}