{"id":175,"date":"2021-07-31T15:44:43","date_gmt":"2021-07-31T15:44:43","guid":{"rendered":"http:\/\/giaphatinfo.123websitedev.com\/?page_id=175"},"modified":"2021-08-01T11:06:54","modified_gmt":"2021-08-01T11:06:54","slug":"thiet-ke-thi-cong-hoan-thien-noi-that-nha-pho","status":"publish","type":"page","link":"https:\/\/giaphatinfo.com.vn\/en\/thiet-ke-thi-cong-hoan-thien-noi-that-nha-pho\/","title":{"rendered":"THI\u1ebeT K\u1ebe, THI C\u00d4NG HO\u00c0N THI\u1ec6N N\u1ed8I TH\u1ea4T NH\u00c0 PH\u1ed0"},"content":{"rendered":"<div class=\"vc_row wpb_row vc_row-fluid\"><div class=\"wpb_column vc_column_container vc_col-sm-12\"><div class=\"vc_column-inner\"><div class=\"wpb_wrapper\">\n\t<div class=\"wpb_text_column wpb_content_element\" >\n\t\t<div class=\"wpb_wrapper\">\n\t\t\t<p><strong>V\u00ec sao ph\u1ea3i c\u1ea7n t\u1edbi thi\u1ebft k\u1ebf n\u1ed9i th\u1ea5t chuy\u00ean nghi\u1ec7p cho nh\u00e0 ph\u1ed1?<\/strong><\/p>\n<p>Cu\u1ed9c s\u1ed1ng ng\u00e0y c\u00e0ng ph\u00e1t tri\u1ec3n, nhu c\u1ea7u c\u1ee7a con ng\u01b0\u1eddi ng\u00e0y c\u00e0ng cao. C\u0103n nh\u00e0, gi\u1edd \u0111\u00e2y kh\u00f4ng ch\u1ec9 l\u00e0 n\u01a1i \u1edf, n\u01a1i tr\u00fa ng\u1ee5 m\u00e0 n\u00f3 c\u00f2n l\u00e0 kh\u00f4ng gian s\u1ed1ng th\u1ecfa m\u00e3n r\u1ea5t nhi\u1ec1u nhu c\u1ea7u kh\u00e1c c\u1ee7a con\u00a0 ng\u01b0\u1eddi. N\u1ebfu ki\u1ebfn tr\u00fac b\u00ean ngo\u00e0i c\u0103n nh\u00e0 l\u00e0 ni\u1ec1m t\u1ef1 h\u00e0o c\u1ee7a ch\u1ee7 nh\u00e2n v\u1edbi h\u00e0ng x\u00f3m l\u00e1ng gi\u1ec1ng, th\u00ec n\u1ed9i th\u1ea5t b\u00ean trong c\u1ee7a c\u0103n nh\u00e0 ph\u1ed1 l\u00e0 n\u01a1i th\u1ec3 hi\u1ec7n r\u00f5 n\u1ed9i t\u00e2m, th\u1ea9m m\u1ef9 v\u00e0 t\u00ednh c\u00e1ch c\u1ee7a nh\u1eefng th\u00e0nh vi\u00ean trong gia \u0111\u00ecnh. \u0110\u1ec3 l\u00e0m \u0111\u01b0\u1ee3c vi\u1ec7c n\u00e0y, ng\u01b0\u1eddi ki\u1ebfn tr\u00fac s\u01b0 n\u1ed9i th\u1ea5t c\u1ea7n t\u00ecm hi\u1ec3u r\u00f5 \u0111\u1eb7c \u0111i\u1ec3m gi\u1edbi t\u00ednh, \u0111\u1ed9 tu\u1ed5i, t\u00ednh c\u00e1ch c\u1ee7a c\u00e1c th\u00e0nh vi\u00ean c\u0169ng nh\u01b0 n\u1ec1 n\u1ebfp sinh ho\u1ea1t c\u1ee7a gia \u0111\u00ecnh. T\u1eeb \u0111\u00f3, k\u1ebft h\u1ee3p v\u1edbi ki\u1ebfn th\u1ee9c, k\u1ef9 n\u0103ng v\u00e0 kinh nghi\u1ec7m c\u1ee7a m\u00ecnh \u0111\u1ec3 c\u00f3 th\u1ec3 \u0111\u1ec1 xu\u1ea5t m\u1ed9t \u00fd t\u01b0\u1edfng\u00a0<strong>thi\u1ebft k\u1ebf n\u1ed9i th\u1ea5t<\/strong>\u00a0ph\u00f9 h\u1ee3p nh\u1ea5t cho gia \u0111\u00ecnh t\u1eeb c\u00f4ng n\u0103ng t\u1edbi gu th\u1ea9m m\u1ef9. \u0110i\u1ec1u n\u00e0y l\u00e0 kh\u00f4ng th\u1ec3 v\u1edbi m\u1ed9t cai th\u1ea7u hay m\u1ed9t k\u1ef9 s\u01b0 x\u00e2y d\u1ef1ng m\u00e0 ch\u1ec9 c\u00f3 th\u1ec3 th\u1ef1c hi\u1ec7n \u0111\u01b0\u1ee3c b\u1edfi ki\u1ebfn tr\u00fac s\u01b0\u00a0<em>thi\u1ebft k\u1ebf n\u1ed9i th\u1ea5t nh\u00e0 ph\u1ed1 chuy\u00ean nghi\u1ec7p<\/em>.<\/p>\n\n\t\t<\/div>\n\t<\/div>\n<\/div><\/div><\/div><\/div><div class=\"vc_row wpb_row vc_row-fluid\"><div class=\"wpb_column vc_column_container vc_col-sm-12\"><div class=\"vc_column-inner\"><div class=\"wpb_wrapper\">\n\t<div class=\"wpb_text_column wpb_content_element\" >\n\t\t<div class=\"wpb_wrapper\">\n\t\t\t<p>Thi\u1ebft k\u1ebf n\u1ed9i th\u1ea5t c\u1ea7n quan t\u00e2m t\u1edbi nh\u1eefng v\u1ea7n \u0111\u1ec1 g\u00ec?<\/p>\n<p><strong>Thi\u1ebft k\u1ebf n\u1ed9i th\u1ea5t nh\u00e0 ph\u1ed1<\/strong>\u00a0l\u00e0 ph\u1ea3i t\u1ed1i \u01b0u h\u00f3a ti\u1ec7n \u00edch s\u1eed d\u1ee5ng trong m\u1ed9t kh\u00f4ng gian t\u00edch h\u1ee3p. Vi\u1ec7c thi\u1ebft k\u1ebf v\u00e0 trang tr\u00ed n\u1ed9i th\u1ea5t nh\u00e0 ph\u1ed1 h\u00ecnh \u1ed1ng l\u00e0 t\u1ed5 ch\u1ee9c kh\u00f4ng gian v\u00e0 s\u1eafp x\u1ebfp trang thi\u1ebft b\u1ecb theo l\u1ed1i giao th\u00f4ng ngang d\u1ecdc theo ng\u00f4i nh\u00e0 cho t\u1eebng t\u1ea7ng v\u00e0 giao th\u00f4ng \u0111\u1ee9ng d\u1ecdc theo c\u1ea7u thang. C\u00e1c t\u1ea7ng hay ph\u00f2ng kh\u00e1c nhau c\u00f3 th\u1ec3 c\u00f3 ki\u1ec3u trang tr\u00ed kh\u00e1c nhau, nh\u01b0ng ph\u1ea3i c\u00f3 ng\u00f4n ng\u1eef th\u1ed1ng nh\u1ea5t hay g\u1eafn k\u1ebft. \u0110\u00f3 c\u00f3 th\u1ec3 l\u00e0 ki\u1ec3u kh\u00f4ng gian m\u1edf cho ph\u00f2ng kh\u00e1ch v\u00e0 b\u1ebfp \u0103n c\u1ee7a phong c\u00e1ch n\u1ed9i th\u1ea5t hi\u1ec7n \u0111\u1ea1i, g\u1eafn li\u1ec1n v\u1edbi c\u1ea7u thang c\u00f3 lan can k\u00ednh c\u01b0\u1eddng l\u1ef1c v\u00e0 ph\u00f2ng ng\u1ee7 \u1ea5m c\u00fang \u0111\u01b0\u1ee3c l\u00e1t g\u1ed7 c\u00f4ng nghi\u1ec7p.<\/p>\n\n\t\t<\/div>\n\t<\/div>\n<\/div><\/div><\/div><\/div><div class=\"vc_row wpb_row vc_row-fluid\"><div class=\"wpb_column vc_column_container vc_col-sm-12\"><div class=\"vc_column-inner\"><div class=\"wpb_wrapper\">\n\t<div class=\"wpb_text_column wpb_content_element\" >\n\t\t<div class=\"wpb_wrapper\">\n\t\t\t<p>S\u1ea3n xu\u1ea5t v\u00e0 gia c\u00f4ng l\u1eafp \u0111\u1eb7t n\u1ed9i th\u1ea5t nh\u00e0 ph\u1ed1<\/p>\n<p>N\u1ed9i th\u1ea5t nh\u00e0 ph\u1ed1 th\u00f4ng th\u01b0\u1eddng g\u1ed3m 2 ph\u1ea7n l\u00e0 ph\u1ea7n trang thi\u1ebft b\u1ecb r\u1eddi, \u0111\u1ed9c l\u1eadp nh\u01b0 b\u00e0n gh\u1ebf, gi\u01b0\u1eddng ng\u1ee7,\u2026 v\u00e0 ph\u1ea7n n\u1ed9i th\u1ea5t d\u00ednh li\u1ec1n v\u1edbi ph\u1ea7n x\u00e2y d\u1ef1ng c\u1ee7a ng\u00f4i nh\u00e0 nh\u01b0 k\u1ec7 b\u1ebfp, t\u1ee7 ch\u00e9n, t\u1ee7 qu\u1ea7n \u00e1o \u00e2m t\u01b0\u1eddng, c\u00e1c k\u1ec7 trang tr\u00ed, ti\u1ec3u c\u1ea3nh, \u2026 Vi\u1ec7c chu\u1ea9n b\u1ecb t\u1ea1i x\u01b0\u1edfng v\u00e0 ph\u1ed1i h\u1ee3p c\u00e1c c\u00f4ng t\u00e1c thi c\u00f4ng l\u1eafp \u0111\u1eb7t t\u1ea1i c\u00f4ng tr\u00ecnh cho t\u1eebng ph\u1ea7n n\u00e0y c\u1ea7n c\u00f3 s\u1ef1 \u01b0u ti\u00ean kh\u00e1c nhau v\u1ec1 ti\u1ebfn \u0111\u1ed9 c\u0169ng nh\u01b0 m\u1ee9c \u0111\u1ed9 ho\u00e0n thi\u1ec7n.<\/p>\n\n\t\t<\/div>\n\t<\/div>\n<\/div><\/div><\/div><\/div><div class=\"vc_row wpb_row vc_row-fluid\"><div class=\"wpb_column vc_column_container vc_col-sm-12\"><div class=\"vc_column-inner\"><div class=\"wpb_wrapper\">\n\t<div class=\"wpb_text_column wpb_content_element\" >\n\t\t<div class=\"wpb_wrapper\">\n\t\t\t<p>C\u00f4ng t\u00e1c\u00a0<strong>thi\u1ebft k\u1ebf v\u00e0 thi c\u00f4ng n\u1ed9i th\u1ea5t<\/strong>\u00a0l\u00e0 kh\u00e2u x\u00e2y d\u1ef1ng cu\u1ed1i c\u00f9ng, kh\u00f4ng c\u00f3 c\u00f4ng t\u00e1c n\u00e0o ph\u00eda sau \u0111\u1ec3 kh\u1eafc ph\u1ee5c, s\u1eeda ch\u1eefa c\u00e1c khuy\u1ebft t\u1eadt, v\u00ec v\u1eady s\u1ef1 ch\u1ec9n chu, c\u1ea9n th\u1eadn, ho\u00e0n thi\u1ec7n b\u1ec1 m\u1eb7t, s\u1ef1 s\u1eafc s\u1ea3o trong t\u1eebng \u0111\u01b0\u1eddng n\u00e9t, g\u1edd ch\u1ec9,\u2026 ch\u00ednh l\u00e0 \u0111\u1eb3ng c\u1ea5p tay ngh\u1ec1 v\u00e0 ch\u1ea5t l\u01b0\u1ee3ng c\u1ee7a c\u00f4ng tr\u00ecnh.<\/p>\n<p>V\u1edbi \u0111\u1ed9i ng\u0169 thi\u1ebft k\u1ebf n\u1ed9i th\u1ea5t nhi\u1ec1u n\u0103m kinh nghi\u1ec7m v\u00e0 \u0111\u1ed9i th\u1ee3 c\u00f3 tay ngh\u1ec1 cao, c\u00f9ng v\u1edbi c\u00e1c nh\u00e0 cung c\u1ea5p uy t\u00edn, Gia Ph\u00e1t lu\u00f4n \u0111em \u0111\u1ebfn cho kh\u00e1ch h\u00e0ng c\u00e1c\u00a0thi\u1ebft k\u1ebf n\u1ed9i th\u1ea5t\u00a0ti\u1ec7n nghi v\u00e0 t\u1ed1i \u01b0u v\u1ec1 gi\u00e1 th\u00e0nh, c\u0169ng nh\u01b0 tri\u1ec3n khai thi c\u00f4ng \u0111\u00fang ti\u1ebfn \u0111\u1ed9, \u0111\u1ea3m b\u1ea3o ch\u1ea5t l\u01b0\u1ee3ng v\u1edbi chi ph\u00ed h\u1ee3p l\u00fd nh\u1ea5t.<\/p>\n\n\t\t<\/div>\n\t<\/div>\n<\/div><\/div><\/div><\/div><div class=\"vc_row wpb_row vc_row-fluid\"><div class=\"wpb_column vc_column_container vc_col-sm-2\"><div class=\"vc_column-inner\"><div class=\"wpb_wrapper\"><\/div><\/div><\/div><div class=\"wpb_column vc_column_container vc_col-sm-8\"><div class=\"vc_column-inner\"><div class=\"wpb_wrapper\">\n                <div class='gf_browser_gecko gform_wrapper' id='gform_wrapper_1' ><form method='post' enctype='multipart\/form-data'  id='gform_1'  action='\/en\/wp-json\/wp\/v2\/pages\/175' data-trp-original-action=\"\/en\/wp-json\/wp\/v2\/pages\/175\">\n                        <div class='gform_body'><ul id='gform_fields_1' class='gform_fields top_label form_sublabel_below description_below'><li id='field_1_1'  class='gfield gfield_contains_required field_sublabel_below field_description_below gfield_visibility_visible' ><label class='gfield_label' for='input_1_1' >Full Name<span class='gfield_required'>*<\/span><\/label><div class='ginput_container ginput_container_text'><input name='input_1' id='input_1_1' type='text' value='' class='large'     aria-required=\"true\" aria-invalid=\"false\" \/><\/div><\/li><li id='field_1_2'  class='gfield gf_left_half gfield_contains_required field_sublabel_below field_description_below gfield_visibility_visible' ><label class='gfield_label' for='input_1_2' >Phone<span class='gfield_required'>*<\/span><\/label><div class='ginput_container ginput_container_phone'><input name='input_2' id='input_1_2' type='text' value='' class='large'   aria-required=\"true\" aria-invalid=\"false\"  \/><\/div><\/li><li id='field_1_3'  class='gfield gf_right_half gfield_contains_required field_sublabel_below field_description_below gfield_visibility_visible' ><label class='gfield_label' for='input_1_3' >Email<span class='gfield_required'>*<\/span><\/label><div class='ginput_container ginput_container_email'>\n                            <input name='input_3' id='input_1_3' type='text' value='' class='large'    aria-required=\"true\" aria-invalid=\"false\" \/>\n                        <\/div><\/li><li id='field_1_4'  class='gfield field_sublabel_below field_description_below gfield_visibility_visible' ><label class='gfield_label' for='input_1_4' >N\u1ed9i Dung<\/label><div class='ginput_container ginput_container_textarea'><textarea name='input_4' id='input_1_4' class='textarea medium'      aria-invalid=\"false\"   rows='10' cols='50'><\/textarea><\/div><\/li>\n                            <\/ul><\/div>\n        <div class='gform_footer top_label'> <input type='submit' id='gform_submit_button_1' class='gform_button button' value='TO SEND'  onclick='if(window[\"gf_submitting_1\"]){return false;}  window[\"gf_submitting_1\"]=true;  ' onkeypress='if( event.keyCode == 13 ){ if(window[\"gf_submitting_1\"]){return false;} window[\"gf_submitting_1\"]=true;  jQuery(\"#gform_1\").trigger(\"submit\",[true]); }' \/> \n            <input type='hidden' class='gform_hidden' name='is_submit_1' value='1' \/>\n            <input type='hidden' class='gform_hidden' name='gform_submit' value='1' \/>\n            \n            <input type='hidden' class='gform_hidden' name='gform_unique_id' value='' \/>\n            <input type='hidden' class='gform_hidden' name='state_1' value='WyJbXSIsImUxZjBlNzk0Y2U1ZTkxMDEwYTQzZTdiNTUwMjkyNzRjIl0=' \/>\n            <input type='hidden' class='gform_hidden' name='gform_target_page_number_1' id='gform_target_page_number_1' value='0' \/>\n            <input type='hidden' class='gform_hidden' name='gform_source_page_number_1' id='gform_source_page_number_1' value='1' \/>\n            <input type='hidden' name='gform_field_values' value='' \/>\n            \n        <\/div>\n                        <input type=\"hidden\" name=\"trp-form-language\" value=\"en\"\/><\/form>\n                        <\/div><script type='text\/javascript'> jQuery(document).bind('gform_post_render', function(event, formId, currentPage){if(formId == 1) {} } );jQuery(document).bind('gform_post_conditional_logic', function(event, formId, fields, isInit){} );<\/script><script type='text\/javascript'> jQuery(document).ready(function(){jQuery(document).trigger('gform_post_render', [1, 1]) } ); <\/script><\/div><\/div><\/div><div class=\"wpb_column vc_column_container vc_col-sm-2\"><div class=\"vc_column-inner\"><div class=\"wpb_wrapper\"><\/div><\/div><\/div><\/div>","protected":false},"excerpt":{"rendered":"V\u00ec sao ph\u1ea3i c\u1ea7n t\u1edbi thi\u1ebft k\u1ebf n\u1ed9i th\u1ea5t chuy\u00ean nghi\u1ec7p cho nh\u00e0 ph\u1ed1? Cu\u1ed9c s\u1ed1ng ng\u00e0y c\u00e0ng ph\u00e1t tri\u1ec3n, nhu c\u1ea7u c\u1ee7a con ng\u01b0\u1eddi ng\u00e0y c\u00e0ng cao. C\u0103n nh\u00e0, gi\u1edd \u0111\u00e2y kh\u00f4ng ch\u1ec9 l\u00e0 n\u01a1i \u1edf, n\u01a1i tr\u00fa ng\u1ee5 m\u00e0 n\u00f3 c\u00f2n l\u00e0 kh\u00f4ng gian s\u1ed1ng th\u1ecfa m\u00e3n r\u1ea5t nhi\u1ec1u nhu c\u1ea7u kh\u00e1c c\u1ee7a","protected":false},"author":1,"featured_media":0,"parent":0,"menu_order":0,"comment_status":"closed","ping_status":"closed","template":"","meta":[],"yoast_head":"<!-- This site is optimized with the Yoast SEO plugin v16.7 - https:\/\/yoast.com\/wordpress\/plugins\/seo\/ -->\n<title>giaphatinfo<\/title>\n<meta name=\"robots\" content=\"index, follow, max-snippet:-1, max-image-preview:large, max-video-preview:-1\" \/>\n<link rel=\"canonical\" href=\"https:\/\/giaphatinfo.com.vn\/en\/thiet-ke-thi-cong-hoan-thien-noi-that-nha-pho\/\" \/>\n<meta property=\"og:locale\" content=\"en_US\" \/>\n<meta property=\"og:type\" content=\"article\" \/>\n<meta property=\"og:title\" content=\"giaphatinfo\" \/>\n<meta property=\"og:url\" content=\"https:\/\/giaphatinfo.com.vn\/en\/thiet-ke-thi-cong-hoan-thien-noi-that-nha-pho\/\" \/>\n<meta property=\"og:site_name\" content=\"giaphatinfo\" \/>\n<meta property=\"article:modified_time\" content=\"2021-08-01T11:06:54+00:00\" \/>\n<meta name=\"twitter:card\" content=\"summary_large_image\" \/>\n<meta name=\"twitter:label1\" content=\"Est. reading time\" \/>\n\t<meta name=\"twitter:data1\" content=\"3 minutes\" \/>\n<script type=\"application\/ld+json\" class=\"yoast-schema-graph\">{\"@context\":\"https:\/\/schema.org\",\"@graph\":[{\"@type\":\"WebSite\",\"@id\":\"https:\/\/giaphatinfo.com.vn\/#website\",\"url\":\"https:\/\/giaphatinfo.com.vn\/\",\"name\":\"giaphatinfo\",\"description\":\"\",\"potentialAction\":[{\"@type\":\"SearchAction\",\"target\":{\"@type\":\"EntryPoint\",\"urlTemplate\":\"https:\/\/giaphatinfo.com.vn\/?s={search_term_string}\"},\"query-input\":\"required name=search_term_string\"}],\"inLanguage\":\"en-US\"},{\"@type\":\"WebPage\",\"@id\":\"https:\/\/giaphatinfo.com.vn\/thiet-ke-thi-cong-hoan-thien-noi-that-nha-pho\/#webpage\",\"url\":\"https:\/\/giaphatinfo.com.vn\/thiet-ke-thi-cong-hoan-thien-noi-that-nha-pho\/\",\"name\":\"giaphatinfo\",\"isPartOf\":{\"@id\":\"https:\/\/giaphatinfo.com.vn\/#website\"},\"datePublished\":\"2021-07-31T15:44:43+00:00\",\"dateModified\":\"2021-08-01T11:06:54+00:00\",\"breadcrumb\":{\"@id\":\"https:\/\/giaphatinfo.com.vn\/thiet-ke-thi-cong-hoan-thien-noi-that-nha-pho\/#breadcrumb\"},\"inLanguage\":\"en-US\",\"potentialAction\":[{\"@type\":\"ReadAction\",\"target\":[\"https:\/\/giaphatinfo.com.vn\/thiet-ke-thi-cong-hoan-thien-noi-that-nha-pho\/\"]}]},{\"@type\":\"BreadcrumbList\",\"@id\":\"https:\/\/giaphatinfo.com.vn\/thiet-ke-thi-cong-hoan-thien-noi-that-nha-pho\/#breadcrumb\",\"itemListElement\":[{\"@type\":\"ListItem\",\"position\":1,\"name\":\"Trang ch\\u1ee7\",\"item\":\"https:\/\/giaphatinfo.com.vn\/\"},{\"@type\":\"ListItem\",\"position\":2,\"name\":\"THI\\u1ebeT K\\u1ebe, THI C\\u00d4NG HO\\u00c0N THI\\u1ec6N N\\u1ed8I TH\\u1ea4T NH\\u00c0 PH\\u1ed0\"}]}]}<\/script>\n<!-- \/ Yoast SEO plugin. -->","yoast_head_json":{"title":"giaphatinfo","robots":{"index":"index","follow":"follow","max-snippet":"max-snippet:-1","max-image-preview":"max-image-preview:large","max-video-preview":"max-video-preview:-1"},"canonical":"https:\/\/giaphatinfo.com.vn\/en\/thiet-ke-thi-cong-hoan-thien-noi-that-nha-pho\/","og_locale":"en_US","og_type":"article","og_title":"giaphatinfo","og_url":"https:\/\/giaphatinfo.com.vn\/en\/thiet-ke-thi-cong-hoan-thien-noi-that-nha-pho\/","og_site_name":"giaphatinfo","article_modified_time":"2021-08-01T11:06:54+00:00","twitter_card":"summary_large_image","twitter_misc":{"Est. reading time":"3 minutes"},"schema":{"@context":"https:\/\/schema.org","@graph":[{"@type":"WebSite","@id":"https:\/\/giaphatinfo.com.vn\/#website","url":"https:\/\/giaphatinfo.com.vn\/","name":"giaphatinfo","description":"","potentialAction":[{"@type":"SearchAction","target":{"@type":"EntryPoint","urlTemplate":"https:\/\/giaphatinfo.com.vn\/?s={search_term_string}"},"query-input":"required name=search_term_string"}],"inLanguage":"en-US"},{"@type":"WebPage","@id":"https:\/\/giaphatinfo.com.vn\/thiet-ke-thi-cong-hoan-thien-noi-that-nha-pho\/#webpage","url":"https:\/\/giaphatinfo.com.vn\/thiet-ke-thi-cong-hoan-thien-noi-that-nha-pho\/","name":"giaphatinfo","isPartOf":{"@id":"https:\/\/giaphatinfo.com.vn\/#website"},"datePublished":"2021-07-31T15:44:43+00:00","dateModified":"2021-08-01T11:06:54+00:00","breadcrumb":{"@id":"https:\/\/giaphatinfo.com.vn\/thiet-ke-thi-cong-hoan-thien-noi-that-nha-pho\/#breadcrumb"},"inLanguage":"en-US","potentialAction":[{"@type":"ReadAction","target":["https:\/\/giaphatinfo.com.vn\/thiet-ke-thi-cong-hoan-thien-noi-that-nha-pho\/"]}]},{"@type":"BreadcrumbList","@id":"https:\/\/giaphatinfo.com.vn\/thiet-ke-thi-cong-hoan-thien-noi-that-nha-pho\/#breadcrumb","itemListElement":[{"@type":"ListItem","position":1,"name":"Trang ch\u1ee7","item":"https:\/\/giaphatinfo.com.vn\/"},{"@type":"ListItem","position":2,"name":"THI\u1ebeT K\u1ebe, THI C\u00d4NG HO\u00c0N THI\u1ec6N N\u1ed8I TH\u1ea4T NH\u00c0 PH\u1ed0"}]}]}},"_links":{"self":[{"href":"https:\/\/giaphatinfo.com.vn\/en\/wp-json\/wp\/v2\/pages\/175"}],"collection":[{"href":"https:\/\/giaphatinfo.com.vn\/en\/wp-json\/wp\/v2\/pages"}],"about":[{"href":"https:\/\/giaphatinfo.com.vn\/en\/wp-json\/wp\/v2\/types\/page"}],"author":[{"embeddable":true,"href":"https:\/\/giaphatinfo.com.vn\/en\/wp-json\/wp\/v2\/users\/1"}],"replies":[{"embeddable":true,"href":"https:\/\/giaphatinfo.com.vn\/en\/wp-json\/wp\/v2\/comments?post=175"}],"version-history":[{"count":6,"href":"https:\/\/giaphatinfo.com.vn\/en\/wp-json\/wp\/v2\/pages\/175\/revisions"}],"predecessor-version":[{"id":206,"href":"https:\/\/giaphatinfo.com.vn\/en\/wp-json\/wp\/v2\/pages\/175\/revisions\/206"}],"wp:attachment":[{"href":"https:\/\/giaphatinfo.com.vn\/en\/wp-json\/wp\/v2\/media?parent=175"}],"curies":[{"name":"wp","href":"https:\/\/api.w.org\/{rel}","templated":true}]}}