{"id":185,"date":"2021-07-31T18:40:32","date_gmt":"2021-07-31T18:40:32","guid":{"rendered":"http:\/\/giaphatinfo.123websitedev.com\/?page_id=185"},"modified":"2021-08-01T11:05:45","modified_gmt":"2021-08-01T11:05:45","slug":"jbl-tai-crescent-mall-quan","status":"publish","type":"page","link":"https:\/\/giaphatinfo.com.vn\/en\/jbl-tai-crescent-mall-quan\/","title":{"rendered":"JBL T\u1ea0I CRESCENT MALL QU\u1eacN"},"content":{"rendered":"<div class=\"vc_row wpb_row vc_row-fluid\"><div class=\"wpb_column vc_column_container vc_col-sm-12\"><div class=\"vc_column-inner\"><div class=\"wpb_wrapper\">\n\t<div class=\"wpb_text_column wpb_content_element\" >\n\t\t<div class=\"wpb_wrapper\">\n\t\t\t<p>V\u1edbi b\u1ec1 d\u00e0y kinh nghi\u1ec7m v\u1ec1 \u00e2m thanh, JBL \u0111\u00e3 c\u00f3 ch\u1ed7 \u0111\u1ee9ng kh\u00e1 l\u00e2u t\u1eeb n\u01b0\u1edbc ngo\u00e0i \u0111\u1ebfn Vi\u1ec7t Nam v\u00e0 l\u00e0 th\u01b0\u01a1ng hi\u1ec7u n\u1ed5i ti\u1ebfng v\u1ec1 loa, \u00e2m thanh tuy\u1ec7t \u0111\u1ec9nh. V\u00e0 \u0111\u00e2y l\u00e0 n\u01a1i tr\u01b0ng b\u00e0y nh\u1eefng s\u1ea3n ph\u1ea9m ph\u1ea9m m\u1edbi c\u00f3 s\u1ee9c thuy\u1ec3t ph\u1ee5c c\u1ee7a nh\u00e0 ph\u00e2n ph\u1ed1i JBL \u0111\u01b0\u1ee3c C\u00f4ng ty Gia Ph\u00e1t l\u00ean \u00fd t\u01b0\u1edfng v\u00e0 thi\u1ebft k\u1ebf n\u1ed9i th\u1ea5t th\u00e0nh c\u00f4ng.<\/p>\n\n\t\t<\/div>\n\t<\/div>\n<\/div><\/div><\/div><\/div><div class=\"vc_row wpb_row vc_row-fluid\"><div class=\"wpb_column vc_column_container vc_col-sm-12\"><div class=\"vc_column-inner\"><div class=\"wpb_wrapper\">\n<div class=\"vc_grid-container-wrapper vc_clearfix\">\n\t<div class=\"vc_grid-container vc_clearfix wpb_content_element vc_media_grid\" data-initial-loading-animation=\"fadeIn\" data-vc-grid-settings=\"{&quot;page_id&quot;:185,&quot;style&quot;:&quot;all&quot;,&quot;action&quot;:&quot;vc_get_vc_grid_data&quot;,&quot;shortcode_id&quot;:&quot;1627815820002-20d1b1f0-6b79-10&quot;,&quot;tag&quot;:&quot;vc_media_grid&quot;}\" data-vc-request=\"https:\/\/giaphatinfo.com.vn\/wp-admin\/admin-ajax.php\" data-vc-post-id=\"185\" data-vc-public-nonce=\"7cce8d4954\">\n\t\t\n\t<\/div>\n<\/div><\/div><\/div><\/div><\/div><div class=\"vc_row wpb_row vc_row-fluid\"><div class=\"wpb_column vc_column_container vc_col-sm-2\"><div class=\"vc_column-inner\"><div class=\"wpb_wrapper\"><\/div><\/div><\/div><div class=\"wpb_column vc_column_container vc_col-sm-8\"><div class=\"vc_column-inner\"><div class=\"wpb_wrapper\">\n                <div class='gf_browser_gecko gform_wrapper' id='gform_wrapper_1' ><form method='post' enctype='multipart\/form-data'  id='gform_1'  action='\/en\/wp-json\/wp\/v2\/pages\/185' data-trp-original-action=\"\/en\/wp-json\/wp\/v2\/pages\/185\">\n                        <div class='gform_body'><ul id='gform_fields_1' class='gform_fields top_label form_sublabel_below description_below'><li id='field_1_1'  class='gfield gfield_contains_required field_sublabel_below field_description_below gfield_visibility_visible' ><label class='gfield_label' for='input_1_1' >Full Name<span class='gfield_required'>*<\/span><\/label><div class='ginput_container ginput_container_text'><input name='input_1' id='input_1_1' type='text' value='' class='large'     aria-required=\"true\" aria-invalid=\"false\" \/><\/div><\/li><li id='field_1_2'  class='gfield gf_left_half gfield_contains_required field_sublabel_below field_description_below gfield_visibility_visible' ><label class='gfield_label' for='input_1_2' >Phone<span class='gfield_required'>*<\/span><\/label><div class='ginput_container ginput_container_phone'><input name='input_2' id='input_1_2' type='text' value='' class='large'   aria-required=\"true\" aria-invalid=\"false\"  \/><\/div><\/li><li id='field_1_3'  class='gfield gf_right_half gfield_contains_required field_sublabel_below field_description_below gfield_visibility_visible' ><label class='gfield_label' for='input_1_3' >Email<span class='gfield_required'>*<\/span><\/label><div class='ginput_container ginput_container_email'>\n                            <input name='input_3' id='input_1_3' type='text' value='' class='large'    aria-required=\"true\" aria-invalid=\"false\" \/>\n                        <\/div><\/li><li id='field_1_4'  class='gfield field_sublabel_below field_description_below gfield_visibility_visible' ><label class='gfield_label' for='input_1_4' >N\u1ed9i Dung<\/label><div class='ginput_container ginput_container_textarea'><textarea name='input_4' id='input_1_4' class='textarea medium'      aria-invalid=\"false\"   rows='10' cols='50'><\/textarea><\/div><\/li>\n                            <\/ul><\/div>\n        <div class='gform_footer top_label'> <input type='submit' id='gform_submit_button_1' class='gform_button button' value='TO SEND'  onclick='if(window[\"gf_submitting_1\"]){return false;}  window[\"gf_submitting_1\"]=true;  ' onkeypress='if( event.keyCode == 13 ){ if(window[\"gf_submitting_1\"]){return false;} window[\"gf_submitting_1\"]=true;  jQuery(\"#gform_1\").trigger(\"submit\",[true]); }' \/> \n            <input type='hidden' class='gform_hidden' name='is_submit_1' value='1' \/>\n            <input type='hidden' class='gform_hidden' name='gform_submit' value='1' \/>\n            \n            <input type='hidden' class='gform_hidden' name='gform_unique_id' value='' \/>\n            <input type='hidden' class='gform_hidden' name='state_1' value='WyJbXSIsImUxZjBlNzk0Y2U1ZTkxMDEwYTQzZTdiNTUwMjkyNzRjIl0=' \/>\n            <input type='hidden' class='gform_hidden' name='gform_target_page_number_1' id='gform_target_page_number_1' value='0' \/>\n            <input type='hidden' class='gform_hidden' name='gform_source_page_number_1' id='gform_source_page_number_1' value='1' \/>\n            <input type='hidden' name='gform_field_values' value='' \/>\n            \n        <\/div>\n                        <input type=\"hidden\" name=\"trp-form-language\" value=\"en\"\/><\/form>\n                        <\/div><script type='text\/javascript'> jQuery(document).bind('gform_post_render', function(event, formId, currentPage){if(formId == 1) {} } );jQuery(document).bind('gform_post_conditional_logic', function(event, formId, fields, isInit){} );<\/script><script type='text\/javascript'> jQuery(document).ready(function(){jQuery(document).trigger('gform_post_render', [1, 1]) } ); <\/script><\/div><\/div><\/div><div class=\"wpb_column vc_column_container vc_col-sm-2\"><div class=\"vc_column-inner\"><div class=\"wpb_wrapper\"><\/div><\/div><\/div><\/div>","protected":false},"excerpt":{"rendered":"V\u1edbi b\u1ec1 d\u00e0y kinh nghi\u1ec7m v\u1ec1 \u00e2m thanh, JBL \u0111\u00e3 c\u00f3 ch\u1ed7 \u0111\u1ee9ng kh\u00e1 l\u00e2u t\u1eeb n\u01b0\u1edbc ngo\u00e0i \u0111\u1ebfn Vi\u1ec7t Nam v\u00e0 l\u00e0 th\u01b0\u01a1ng hi\u1ec7u n\u1ed5i ti\u1ebfng v\u1ec1 loa, \u00e2m thanh tuy\u1ec7t \u0111\u1ec9nh. V\u00e0 \u0111\u00e2y l\u00e0 n\u01a1i tr\u01b0ng b\u00e0y nh\u1eefng s\u1ea3n ph\u1ea9m ph\u1ea9m m\u1edbi c\u00f3 s\u1ee9c thuy\u1ec3t ph\u1ee5c c\u1ee7a nh\u00e0 ph\u00e2n ph\u1ed1i JBL \u0111\u01b0\u1ee3c C\u00f4ng","protected":false},"author":1,"featured_media":0,"parent":0,"menu_order":0,"comment_status":"closed","ping_status":"closed","template":"","meta":[],"yoast_head":"<!-- This site is optimized with the Yoast SEO plugin v16.7 - https:\/\/yoast.com\/wordpress\/plugins\/seo\/ -->\n<title>giaphatinfo<\/title>\n<meta name=\"robots\" content=\"index, follow, max-snippet:-1, max-image-preview:large, max-video-preview:-1\" \/>\n<link rel=\"canonical\" href=\"https:\/\/giaphatinfo.com.vn\/en\/jbl-tai-crescent-mall-quan\/\" \/>\n<meta property=\"og:locale\" content=\"en_US\" \/>\n<meta property=\"og:type\" content=\"article\" \/>\n<meta property=\"og:title\" content=\"giaphatinfo\" \/>\n<meta property=\"og:url\" content=\"https:\/\/giaphatinfo.com.vn\/en\/jbl-tai-crescent-mall-quan\/\" \/>\n<meta property=\"og:site_name\" content=\"giaphatinfo\" \/>\n<meta property=\"article:modified_time\" content=\"2021-08-01T11:05:45+00:00\" \/>\n<meta name=\"twitter:card\" content=\"summary_large_image\" \/>\n<meta name=\"twitter:label1\" content=\"Est. reading time\" \/>\n\t<meta name=\"twitter:data1\" content=\"1 minute\" \/>\n<script type=\"application\/ld+json\" class=\"yoast-schema-graph\">{\"@context\":\"https:\/\/schema.org\",\"@graph\":[{\"@type\":\"WebSite\",\"@id\":\"https:\/\/giaphatinfo.com.vn\/#website\",\"url\":\"https:\/\/giaphatinfo.com.vn\/\",\"name\":\"giaphatinfo\",\"description\":\"\",\"potentialAction\":[{\"@type\":\"SearchAction\",\"target\":{\"@type\":\"EntryPoint\",\"urlTemplate\":\"https:\/\/giaphatinfo.com.vn\/?s={search_term_string}\"},\"query-input\":\"required name=search_term_string\"}],\"inLanguage\":\"en-US\"},{\"@type\":\"WebPage\",\"@id\":\"https:\/\/giaphatinfo.com.vn\/jbl-tai-crescent-mall-quan\/#webpage\",\"url\":\"https:\/\/giaphatinfo.com.vn\/jbl-tai-crescent-mall-quan\/\",\"name\":\"giaphatinfo\",\"isPartOf\":{\"@id\":\"https:\/\/giaphatinfo.com.vn\/#website\"},\"datePublished\":\"2021-07-31T18:40:32+00:00\",\"dateModified\":\"2021-08-01T11:05:45+00:00\",\"breadcrumb\":{\"@id\":\"https:\/\/giaphatinfo.com.vn\/jbl-tai-crescent-mall-quan\/#breadcrumb\"},\"inLanguage\":\"en-US\",\"potentialAction\":[{\"@type\":\"ReadAction\",\"target\":[\"https:\/\/giaphatinfo.com.vn\/jbl-tai-crescent-mall-quan\/\"]}]},{\"@type\":\"BreadcrumbList\",\"@id\":\"https:\/\/giaphatinfo.com.vn\/jbl-tai-crescent-mall-quan\/#breadcrumb\",\"itemListElement\":[{\"@type\":\"ListItem\",\"position\":1,\"name\":\"Trang ch\\u1ee7\",\"item\":\"https:\/\/giaphatinfo.com.vn\/\"},{\"@type\":\"ListItem\",\"position\":2,\"name\":\"JBL T\\u1ea0I CRESCENT MALL QU\\u1eacN\"}]}]}<\/script>\n<!-- \/ Yoast SEO plugin. -->","yoast_head_json":{"title":"giaphatinfo","robots":{"index":"index","follow":"follow","max-snippet":"max-snippet:-1","max-image-preview":"max-image-preview:large","max-video-preview":"max-video-preview:-1"},"canonical":"https:\/\/giaphatinfo.com.vn\/en\/jbl-tai-crescent-mall-quan\/","og_locale":"en_US","og_type":"article","og_title":"giaphatinfo","og_url":"https:\/\/giaphatinfo.com.vn\/en\/jbl-tai-crescent-mall-quan\/","og_site_name":"giaphatinfo","article_modified_time":"2021-08-01T11:05:45+00:00","twitter_card":"summary_large_image","twitter_misc":{"Est. reading time":"1 minute"},"schema":{"@context":"https:\/\/schema.org","@graph":[{"@type":"WebSite","@id":"https:\/\/giaphatinfo.com.vn\/#website","url":"https:\/\/giaphatinfo.com.vn\/","name":"giaphatinfo","description":"","potentialAction":[{"@type":"SearchAction","target":{"@type":"EntryPoint","urlTemplate":"https:\/\/giaphatinfo.com.vn\/?s={search_term_string}"},"query-input":"required name=search_term_string"}],"inLanguage":"en-US"},{"@type":"WebPage","@id":"https:\/\/giaphatinfo.com.vn\/jbl-tai-crescent-mall-quan\/#webpage","url":"https:\/\/giaphatinfo.com.vn\/jbl-tai-crescent-mall-quan\/","name":"giaphatinfo","isPartOf":{"@id":"https:\/\/giaphatinfo.com.vn\/#website"},"datePublished":"2021-07-31T18:40:32+00:00","dateModified":"2021-08-01T11:05:45+00:00","breadcrumb":{"@id":"https:\/\/giaphatinfo.com.vn\/jbl-tai-crescent-mall-quan\/#breadcrumb"},"inLanguage":"en-US","potentialAction":[{"@type":"ReadAction","target":["https:\/\/giaphatinfo.com.vn\/jbl-tai-crescent-mall-quan\/"]}]},{"@type":"BreadcrumbList","@id":"https:\/\/giaphatinfo.com.vn\/jbl-tai-crescent-mall-quan\/#breadcrumb","itemListElement":[{"@type":"ListItem","position":1,"name":"Trang ch\u1ee7","item":"https:\/\/giaphatinfo.com.vn\/"},{"@type":"ListItem","position":2,"name":"JBL T\u1ea0I CRESCENT MALL QU\u1eacN"}]}]}},"_links":{"self":[{"href":"https:\/\/giaphatinfo.com.vn\/en\/wp-json\/wp\/v2\/pages\/185"}],"collection":[{"href":"https:\/\/giaphatinfo.com.vn\/en\/wp-json\/wp\/v2\/pages"}],"about":[{"href":"https:\/\/giaphatinfo.com.vn\/en\/wp-json\/wp\/v2\/types\/page"}],"author":[{"embeddable":true,"href":"https:\/\/giaphatinfo.com.vn\/en\/wp-json\/wp\/v2\/users\/1"}],"replies":[{"embeddable":true,"href":"https:\/\/giaphatinfo.com.vn\/en\/wp-json\/wp\/v2\/comments?post=185"}],"version-history":[{"count":5,"href":"https:\/\/giaphatinfo.com.vn\/en\/wp-json\/wp\/v2\/pages\/185\/revisions"}],"predecessor-version":[{"id":190,"href":"https:\/\/giaphatinfo.com.vn\/en\/wp-json\/wp\/v2\/pages\/185\/revisions\/190"}],"wp:attachment":[{"href":"https:\/\/giaphatinfo.com.vn\/en\/wp-json\/wp\/v2\/media?parent=185"}],"curies":[{"name":"wp","href":"https:\/\/api.w.org\/{rel}","templated":true}]}}