{"id":19,"date":"2021-07-14T10:48:50","date_gmt":"2021-07-14T10:48:50","guid":{"rendered":"http:\/\/giaphatinfo.123websitedev.com\/?page_id=19"},"modified":"2021-08-01T13:37:04","modified_gmt":"2021-08-01T13:37:04","slug":"tuyen-dung","status":"publish","type":"page","link":"https:\/\/giaphatinfo.com.vn\/en\/tuyen-dung\/","title":{"rendered":"Recruitment"},"content":{"rendered":"<div class=\"vc_row wpb_row vc_row-fluid\"><div class=\"wpb_column vc_column_container vc_col-sm-12\"><div class=\"vc_column-inner\"><div class=\"wpb_wrapper\">\n\t<div class=\"wpb_text_column wpb_content_element\" >\n\t\t<div class=\"wpb_wrapper\">\n\t\t\t<h6 class=\"h4\"><strong>C&amp;B SPECIALIST<\/strong><\/h6>\n<p>&nbsp;<\/p>\n<p class=\"h4 title large mb-3 font-weight-bolder\"><strong>Job description<\/strong><\/p>\n<p><strong>* Description of work<\/strong><br \/>\n<strong>* In charge of tasks related to:<\/strong><br \/>\n\u2013 Labor contracts for employees: drafting, for new employees to sign labor contracts, labor contracts, for employees with expired contracts to re-sign labor contracts.<br \/>\n\u2013 Insurance: working with relevant agencies and departments, reporting increases and decreases, making records for employees when sick, maternity\u2026.<br \/>\n\u2013 Personal income tax: Register MST for employees, make VAT documents for PIT finalization.<br \/>\n- Attendance Payroll.<br \/>\n- Handle employee&#39;s resignation proposal.<br \/>\n\u2013 Answer all questions about salary, monitor, update and report on personnel situation.<br \/>\n<strong>* Welfare policy:<\/strong><br \/>\n\u2013 Fully participate in policies as prescribed, PVI insurance, 13th month salary, Tet bonus (from 2-4 months salary).<br \/>\n\u2013 Bonuses for Tet holidays according to the State regulations, Tet gifts, gifts for female employees on the occasion of 8\/3 &amp; 20\/10.<br \/>\n- Periodic health check, annual travel.<br \/>\n\u2013 Free lunch at the company&#39;s canteen,<br \/>\n\u2013 Modern gym, free for employees of the Company.<br \/>\n\u2013 Participate in training sessions from experienced leaders in the company and reputable external training units to improve expertise and work skills.<\/p>\n<p class=\"h4 title large mb-3 font-weight-bolder\"><strong>Detailed Experience\/Skills<\/strong><\/p>\n<p>- Graduated from College\/University or higher;<br \/>\n\u2013 Candidates with 2 years of experience in the position of salary labor;<br \/>\n\u2013 Good attitude, polite communication, tact, hard work at work;<br \/>\n\u2013 Office computer: good Excel;<br \/>\n- Understand and apply labor law well in human resource activities.<\/p>\n\n\t\t<\/div>\n\t<\/div>\n<\/div><\/div><\/div><\/div><div class=\"vc_row wpb_row vc_row-fluid\"><div class=\"wpb_column vc_column_container vc_col-sm-3\"><div class=\"vc_column-inner\"><div class=\"wpb_wrapper\"><\/div><\/div><\/div><div class=\"wpb_column vc_column_container vc_col-sm-6\"><div class=\"vc_column-inner\"><div class=\"wpb_wrapper\">\n                <div class='gf_browser_gecko gform_wrapper' id='gform_wrapper_2' ><form method='post' enctype='multipart\/form-data'  id='gform_2'  action='\/en\/wp-json\/wp\/v2\/pages\/19' data-trp-original-action=\"\/en\/wp-json\/wp\/v2\/pages\/19\">\n                        <div class='gform_body'><ul id='gform_fields_2' class='gform_fields top_label form_sublabel_below description_below'><li id='field_2_1'  class='gfield gfield_contains_required field_sublabel_below field_description_below gfield_visibility_visible' ><label class='gfield_label' for='input_2_1' >Full Name<span class='gfield_required'>*<\/span><\/label><div class='ginput_container ginput_container_text'><input name='input_1' id='input_2_1' type='text' value='' class='large'     aria-required=\"true\" aria-invalid=\"false\" \/><\/div><\/li><li id='field_2_2'  class='gfield gfield_contains_required field_sublabel_below field_description_below gfield_visibility_visible' ><label class='gfield_label' for='input_2_2' >Phone<span class='gfield_required'>*<\/span><\/label><div class='ginput_container ginput_container_phone'><input name='input_2' id='input_2_2' type='text' value='' class='large'   aria-required=\"true\" aria-invalid=\"false\"  \/><\/div><\/li><li id='field_2_3'  class='gfield gfield_contains_required field_sublabel_below field_description_below gfield_visibility_visible' ><label class='gfield_label' for='input_2_3' >Email<span class='gfield_required'>*<\/span><\/label><div class='ginput_container ginput_container_email'>\n                            <input name='input_3' id='input_2_3' type='text' value='' class='large'    aria-required=\"true\" aria-invalid=\"false\" \/>\n                        <\/div><\/li><li id='field_2_4'  class='gfield field_sublabel_below field_description_below gfield_visibility_visible' ><label class='gfield_label' for='input_2_4' >CV . file<\/label><div class='ginput_container ginput_container_fileupload'><input type='hidden' name='MAX_FILE_SIZE' value='134217728' \/><input name='input_4' id='input_2_4' type='file' class='medium' aria-describedby='validation_message_2_4 live_validation_message_2_4 extensions_message_2_4' onchange='javascript:gformValidateFileSize( this, 134217728 );'  \/><span id='extensions_message_2_4' class='screen-reader-text'><\/span><div class='validation_message' id='live_validation_message_2_4'><\/div><\/div><\/li>\n                            <\/ul><\/div>\n        <div class='gform_footer top_label'> <input type='submit' id='gform_submit_button_2' class='gform_button button' value='TO SEND'  onclick='if(window[\"gf_submitting_2\"]){return false;}  window[\"gf_submitting_2\"]=true;  ' onkeypress='if( event.keyCode == 13 ){ if(window[\"gf_submitting_2\"]){return false;} window[\"gf_submitting_2\"]=true;  jQuery(\"#gform_2\").trigger(\"submit\",[true]); }' \/> \n            <input type='hidden' class='gform_hidden' name='is_submit_2' value='1' \/>\n            <input type='hidden' class='gform_hidden' name='gform_submit' value='2' \/>\n            \n            <input type='hidden' class='gform_hidden' name='gform_unique_id' value='' \/>\n            <input type='hidden' class='gform_hidden' name='state_2' value='WyJbXSIsImUxZjBlNzk0Y2U1ZTkxMDEwYTQzZTdiNTUwMjkyNzRjIl0=' \/>\n            <input type='hidden' class='gform_hidden' name='gform_target_page_number_2' id='gform_target_page_number_2' value='0' \/>\n            <input type='hidden' class='gform_hidden' name='gform_source_page_number_2' id='gform_source_page_number_2' value='1' \/>\n            <input type='hidden' name='gform_field_values' value='' \/>\n            \n        <\/div>\n                        <input type=\"hidden\" name=\"trp-form-language\" value=\"en\"\/><\/form>\n                        <\/div><script type='text\/javascript'> jQuery(document).bind('gform_post_render', function(event, formId, currentPage){if(formId == 2) {} } );jQuery(document).bind('gform_post_conditional_logic', function(event, formId, fields, isInit){} );<\/script><script type='text\/javascript'> jQuery(document).ready(function(){jQuery(document).trigger('gform_post_render', [2, 1]) } ); <\/script><\/div><\/div><\/div><div class=\"wpb_column vc_column_container vc_col-sm-3\"><div class=\"vc_column-inner\"><div class=\"wpb_wrapper\"><\/div><\/div><\/div><\/div>","protected":false},"excerpt":{"rendered":"CHUY\u00caN VI\u00caN C&amp;B &nbsp; M\u00f4 t\u1ea3 c\u00f4ng vi\u1ec7c * M\u00f4 t\u1ea3 chi ti\u1ebft c\u00f4ng vi\u1ec7c * Ph\u1ee5 tr\u00e1ch c\u00e1c c\u00f4ng t\u00e1c li\u00ean quan \u0111\u1ebfn: -\u00a0H\u1ee3p \u0111\u1ed3ng lao \u0111\u1ed9ng cho nh\u00e2n vi\u00ean: so\u1ea1n th\u1ea3o, cho nh\u00e2n vi\u00ean m\u1edbi k\u00fd H\u0110TV, H\u0110L\u0110, cho nh\u00e2n vi\u00ean h\u1ebft h\u1ea1n h\u1ee3p \u0111\u1ed3ng t\u00e1i k\u00fd H\u0110L\u0110. - B\u1ea3o hi\u1ec3m: l\u00e0m vi\u1ec7c","protected":false},"author":1,"featured_media":0,"parent":0,"menu_order":0,"comment_status":"closed","ping_status":"closed","template":"","meta":[],"yoast_head":"<!-- This site is optimized with the Yoast SEO plugin v16.7 - https:\/\/yoast.com\/wordpress\/plugins\/seo\/ -->\n<title>giaphatinfo<\/title>\n<meta name=\"robots\" content=\"index, follow, max-snippet:-1, max-image-preview:large, max-video-preview:-1\" \/>\n<link rel=\"canonical\" href=\"https:\/\/giaphatinfo.com.vn\/en\/tuyen-dung\/\" \/>\n<meta property=\"og:locale\" content=\"en_US\" \/>\n<meta property=\"og:type\" content=\"article\" \/>\n<meta property=\"og:title\" content=\"giaphatinfo\" \/>\n<meta property=\"og:url\" content=\"https:\/\/giaphatinfo.com.vn\/en\/tuyen-dung\/\" \/>\n<meta property=\"og:site_name\" content=\"giaphatinfo\" \/>\n<meta property=\"article:modified_time\" content=\"2021-08-01T13:37:04+00:00\" \/>\n<meta name=\"twitter:card\" content=\"summary_large_image\" \/>\n<meta name=\"twitter:label1\" content=\"Est. reading time\" \/>\n\t<meta name=\"twitter:data1\" content=\"2 minutes\" \/>\n<script type=\"application\/ld+json\" class=\"yoast-schema-graph\">{\"@context\":\"https:\/\/schema.org\",\"@graph\":[{\"@type\":\"WebSite\",\"@id\":\"https:\/\/giaphatinfo.com.vn\/#website\",\"url\":\"https:\/\/giaphatinfo.com.vn\/\",\"name\":\"giaphatinfo\",\"description\":\"\",\"potentialAction\":[{\"@type\":\"SearchAction\",\"target\":{\"@type\":\"EntryPoint\",\"urlTemplate\":\"https:\/\/giaphatinfo.com.vn\/?s={search_term_string}\"},\"query-input\":\"required name=search_term_string\"}],\"inLanguage\":\"en-US\"},{\"@type\":\"WebPage\",\"@id\":\"https:\/\/giaphatinfo.com.vn\/tuyen-dung\/#webpage\",\"url\":\"https:\/\/giaphatinfo.com.vn\/tuyen-dung\/\",\"name\":\"giaphatinfo\",\"isPartOf\":{\"@id\":\"https:\/\/giaphatinfo.com.vn\/#website\"},\"datePublished\":\"2021-07-14T10:48:50+00:00\",\"dateModified\":\"2021-08-01T13:37:04+00:00\",\"breadcrumb\":{\"@id\":\"https:\/\/giaphatinfo.com.vn\/tuyen-dung\/#breadcrumb\"},\"inLanguage\":\"en-US\",\"potentialAction\":[{\"@type\":\"ReadAction\",\"target\":[\"https:\/\/giaphatinfo.com.vn\/tuyen-dung\/\"]}]},{\"@type\":\"BreadcrumbList\",\"@id\":\"https:\/\/giaphatinfo.com.vn\/tuyen-dung\/#breadcrumb\",\"itemListElement\":[{\"@type\":\"ListItem\",\"position\":1,\"name\":\"Trang ch\\u1ee7\",\"item\":\"https:\/\/giaphatinfo.com.vn\/\"},{\"@type\":\"ListItem\",\"position\":2,\"name\":\"Tuy\\u1ec3n d\\u1ee5ng\"}]}]}<\/script>\n<!-- \/ Yoast SEO plugin. -->","yoast_head_json":{"title":"giaphatinfo","robots":{"index":"index","follow":"follow","max-snippet":"max-snippet:-1","max-image-preview":"max-image-preview:large","max-video-preview":"max-video-preview:-1"},"canonical":"https:\/\/giaphatinfo.com.vn\/en\/tuyen-dung\/","og_locale":"en_US","og_type":"article","og_title":"giaphatinfo","og_url":"https:\/\/giaphatinfo.com.vn\/en\/tuyen-dung\/","og_site_name":"giaphatinfo","article_modified_time":"2021-08-01T13:37:04+00:00","twitter_card":"summary_large_image","twitter_misc":{"Est. reading time":"2 minutes"},"schema":{"@context":"https:\/\/schema.org","@graph":[{"@type":"WebSite","@id":"https:\/\/giaphatinfo.com.vn\/#website","url":"https:\/\/giaphatinfo.com.vn\/","name":"giaphatinfo","description":"","potentialAction":[{"@type":"SearchAction","target":{"@type":"EntryPoint","urlTemplate":"https:\/\/giaphatinfo.com.vn\/?s={search_term_string}"},"query-input":"required name=search_term_string"}],"inLanguage":"en-US"},{"@type":"WebPage","@id":"https:\/\/giaphatinfo.com.vn\/tuyen-dung\/#webpage","url":"https:\/\/giaphatinfo.com.vn\/tuyen-dung\/","name":"giaphatinfo","isPartOf":{"@id":"https:\/\/giaphatinfo.com.vn\/#website"},"datePublished":"2021-07-14T10:48:50+00:00","dateModified":"2021-08-01T13:37:04+00:00","breadcrumb":{"@id":"https:\/\/giaphatinfo.com.vn\/tuyen-dung\/#breadcrumb"},"inLanguage":"en-US","potentialAction":[{"@type":"ReadAction","target":["https:\/\/giaphatinfo.com.vn\/tuyen-dung\/"]}]},{"@type":"BreadcrumbList","@id":"https:\/\/giaphatinfo.com.vn\/tuyen-dung\/#breadcrumb","itemListElement":[{"@type":"ListItem","position":1,"name":"Trang ch\u1ee7","item":"https:\/\/giaphatinfo.com.vn\/"},{"@type":"ListItem","position":2,"name":"Tuy\u1ec3n d\u1ee5ng"}]}]}},"_links":{"self":[{"href":"https:\/\/giaphatinfo.com.vn\/en\/wp-json\/wp\/v2\/pages\/19"}],"collection":[{"href":"https:\/\/giaphatinfo.com.vn\/en\/wp-json\/wp\/v2\/pages"}],"about":[{"href":"https:\/\/giaphatinfo.com.vn\/en\/wp-json\/wp\/v2\/types\/page"}],"author":[{"embeddable":true,"href":"https:\/\/giaphatinfo.com.vn\/en\/wp-json\/wp\/v2\/users\/1"}],"replies":[{"embeddable":true,"href":"https:\/\/giaphatinfo.com.vn\/en\/wp-json\/wp\/v2\/comments?post=19"}],"version-history":[{"count":13,"href":"https:\/\/giaphatinfo.com.vn\/en\/wp-json\/wp\/v2\/pages\/19\/revisions"}],"predecessor-version":[{"id":226,"href":"https:\/\/giaphatinfo.com.vn\/en\/wp-json\/wp\/v2\/pages\/19\/revisions\/226"}],"wp:attachment":[{"href":"https:\/\/giaphatinfo.com.vn\/en\/wp-json\/wp\/v2\/media?parent=19"}],"curies":[{"name":"wp","href":"https:\/\/api.w.org\/{rel}","templated":true}]}}