{"id":271,"date":"2021-12-22T16:09:15","date_gmt":"2021-12-22T09:09:15","guid":{"rendered":"https:\/\/giaphatinfo.com.vn\/?post_type=product&#038;p=271"},"modified":"2025-06-10T01:09:47","modified_gmt":"2025-06-09T18:09:47","slug":"nhapho-1","status":"publish","type":"product","link":"https:\/\/giaphatinfo.com.vn\/en\/san-pham\/nhapho-1\/","title":{"rendered":"nh\u00e0 ph\u1ed1"},"content":{"rendered":"<p>V\u1edbi s\u1ef1 \u0111\u01a1n gi\u1ea3n l\u1ea1i thu h\u00fat Ch\u00fang t\u00f4i \u0111\u01b0a ra gi\u1ea3i ph\u00e1p ti\u1ebft ki\u1ec7m di\u1ec7n t\u00edch nh\u1ea5t cho nh\u1eefng ng\u00f4i nh\u00e0 <a href=\"https:\/\/giaphatinfo.com.vn\/en\/\">quay lai trang ch\u1ee7<\/a><\/p>\n<p><img decoding=\"async\" loading=\"lazy\" class=\"size-medium wp-image-383 aligncenter\" src=\"https:\/\/giaphatinfo.com.vn\/wp-content\/uploads\/2021\/12\/z3049130096818_e465af37318f24aee3d441d8334f4ef3-300x200.jpg\" alt=\"\" width=\"300\" height=\"200\" srcset=\"https:\/\/giaphatinfo.com.vn\/wp-content\/uploads\/2021\/12\/z3049130096818_e465af37318f24aee3d441d8334f4ef3-300x200.jpg 300w, https:\/\/giaphatinfo.com.vn\/wp-content\/uploads\/2021\/12\/z3049130096818_e465af37318f24aee3d441d8334f4ef3-1024x683.jpg 1024w, https:\/\/giaphatinfo.com.vn\/wp-content\/uploads\/2021\/12\/z3049130096818_e465af37318f24aee3d441d8334f4ef3-768x512.jpg 768w, https:\/\/giaphatinfo.com.vn\/wp-content\/uploads\/2021\/12\/z3049130096818_e465af37318f24aee3d441d8334f4ef3-16x12.jpg 16w, https:\/\/giaphatinfo.com.vn\/wp-content\/uploads\/2021\/12\/z3049130096818_e465af37318f24aee3d441d8334f4ef3-1000x667.jpg 1000w, https:\/\/giaphatinfo.com.vn\/wp-content\/uploads\/2021\/12\/z3049130096818_e465af37318f24aee3d441d8334f4ef3.jpg 1500w\" sizes=\"(max-width: 300px) 100vw, 300px\" \/><\/p>\n<p>Ph\u00f2ng kh\u00e1ch nh\u1eb9 nh\u00e0ng, ph\u1ed1i m\u00e0u b\u1eaft m\u1eaft \u0111\u00e3 l\u00e0m n\u00ean s\u1ef1 h\u00e0i ho\u00e0 c\u1ee7a ng\u00f4i nh\u00e0.<\/p>\n<p><img decoding=\"async\" loading=\"lazy\" class=\"size-medium wp-image-274 aligncenter\" src=\"https:\/\/giaphatinfo.com.vn\/wp-content\/uploads\/2021\/12\/noi-that-dep-hien-300x207.jpg\" alt=\"\" width=\"300\" height=\"207\" srcset=\"https:\/\/giaphatinfo.com.vn\/wp-content\/uploads\/2021\/12\/noi-that-dep-hien-300x207.jpg 300w, https:\/\/giaphatinfo.com.vn\/wp-content\/uploads\/2021\/12\/noi-that-dep-hien-768x531.jpg 768w, https:\/\/giaphatinfo.com.vn\/wp-content\/uploads\/2021\/12\/noi-that-dep-hien-16x12.jpg 16w, https:\/\/giaphatinfo.com.vn\/wp-content\/uploads\/2021\/12\/noi-that-dep-hien.jpg 796w\" sizes=\"(max-width: 300px) 100vw, 300px\" \/><\/p>","protected":false},"excerpt":{"rendered":"<p>Phong c\u00e1ch \u0111\u01a1n gi\u1ea3n, ti\u1ebft ki\u1ec7m di\u1ec7n t\u00edch nh\u01b0ng kh\u00f4ng l\u00e0m m\u1ea5t \u0111i s\u1ef1 \u0111\u1ed9c \u0111\u00e1o v\u00e0 b\u1eaft m\u1eaft v\u1edbi kh\u00e1ch h\u00e0ng kh\u00f3 t\u00ednh nh\u1ea5t.<\/p>","protected":false},"featured_media":274,"comment_status":"open","ping_status":"closed","template":"","meta":[],"product_cat":[19],"product_tag":[],"yoast_head":"<!-- This site is optimized with the Yoast SEO plugin v16.7 - https:\/\/yoast.com\/wordpress\/plugins\/seo\/ -->\n<title>nh\u00e0 ph\u1ed1 - giaphatinfo<\/title>\n<meta name=\"robots\" content=\"index, follow, max-snippet:-1, max-image-preview:large, max-video-preview:-1\" \/>\n<link rel=\"canonical\" href=\"https:\/\/giaphatinfo.com.vn\/en\/san-pham\/nhapho-1\/\" \/>\n<meta property=\"og:locale\" content=\"en_US\" \/>\n<meta property=\"og:type\" content=\"article\" \/>\n<meta property=\"og:title\" content=\"nh\u00e0 ph\u1ed1 - giaphatinfo\" \/>\n<meta property=\"og:description\" content=\"Phong c\u00e1ch \u0111\u01a1n gi\u1ea3n, ti\u1ebft ki\u1ec7m di\u1ec7n t\u00edch nh\u01b0ng kh\u00f4ng l\u00e0m m\u1ea5t \u0111i s\u1ef1 \u0111\u1ed9c \u0111\u00e1o v\u00e0 b\u1eaft m\u1eaft v\u1edbi kh\u00e1ch h\u00e0ng kh\u00f3 t\u00ednh nh\u1ea5t.\" \/>\n<meta property=\"og:url\" content=\"https:\/\/giaphatinfo.com.vn\/en\/san-pham\/nhapho-1\/\" \/>\n<meta property=\"og:site_name\" content=\"giaphatinfo\" \/>\n<meta property=\"article:modified_time\" content=\"2025-06-09T18:09:47+00:00\" \/>\n<meta property=\"og:image\" content=\"https:\/\/giaphatinfo.com.vn\/wp-content\/uploads\/2021\/12\/noi-that-dep-hien.jpg\" \/>\n\t<meta property=\"og:image:width\" content=\"796\" \/>\n\t<meta property=\"og:image:height\" content=\"550\" \/>\n<meta name=\"twitter:card\" content=\"summary_large_image\" \/>\n<meta name=\"twitter:label1\" content=\"Est. reading time\" \/>\n\t<meta name=\"twitter:data1\" content=\"1 minute\" \/>\n<script type=\"application\/ld+json\" class=\"yoast-schema-graph\">{\"@context\":\"https:\/\/schema.org\",\"@graph\":[{\"@type\":\"WebSite\",\"@id\":\"https:\/\/giaphatinfo.com.vn\/#website\",\"url\":\"https:\/\/giaphatinfo.com.vn\/\",\"name\":\"giaphatinfo\",\"description\":\"\",\"potentialAction\":[{\"@type\":\"SearchAction\",\"target\":{\"@type\":\"EntryPoint\",\"urlTemplate\":\"https:\/\/giaphatinfo.com.vn\/?s={search_term_string}\"},\"query-input\":\"required name=search_term_string\"}],\"inLanguage\":\"en-US\"},{\"@type\":\"ImageObject\",\"@id\":\"https:\/\/giaphatinfo.com.vn\/san-pham\/nhapho-1\/#primaryimage\",\"inLanguage\":\"en-US\",\"url\":\"https:\/\/giaphatinfo.com.vn\/wp-content\/uploads\/2021\/12\/noi-that-dep-hien.jpg\",\"contentUrl\":\"https:\/\/giaphatinfo.com.vn\/wp-content\/uploads\/2021\/12\/noi-that-dep-hien.jpg\",\"width\":796,\"height\":550},{\"@type\":\"WebPage\",\"@id\":\"https:\/\/giaphatinfo.com.vn\/san-pham\/nhapho-1\/#webpage\",\"url\":\"https:\/\/giaphatinfo.com.vn\/san-pham\/nhapho-1\/\",\"name\":\"nh\\u00e0 ph\\u1ed1 - giaphatinfo\",\"isPartOf\":{\"@id\":\"https:\/\/giaphatinfo.com.vn\/#website\"},\"primaryImageOfPage\":{\"@id\":\"https:\/\/giaphatinfo.com.vn\/san-pham\/nhapho-1\/#primaryimage\"},\"datePublished\":\"2021-12-22T09:09:15+00:00\",\"dateModified\":\"2025-06-09T18:09:47+00:00\",\"breadcrumb\":{\"@id\":\"https:\/\/giaphatinfo.com.vn\/san-pham\/nhapho-1\/#breadcrumb\"},\"inLanguage\":\"en-US\",\"potentialAction\":[{\"@type\":\"ReadAction\",\"target\":[\"https:\/\/giaphatinfo.com.vn\/san-pham\/nhapho-1\/\"]}]},{\"@type\":\"BreadcrumbList\",\"@id\":\"https:\/\/giaphatinfo.com.vn\/san-pham\/nhapho-1\/#breadcrumb\",\"itemListElement\":[{\"@type\":\"ListItem\",\"position\":1,\"name\":\"Trang ch\\u1ee7\",\"item\":\"https:\/\/giaphatinfo.com.vn\/\"},{\"@type\":\"ListItem\",\"position\":2,\"name\":\"S\\u1ea3n ph\\u1ea9m\",\"item\":\"https:\/\/giaphatinfo.com.vn\/san-pham\/\"},{\"@type\":\"ListItem\",\"position\":3,\"name\":\"nh\\u00e0 ph\\u1ed1\"}]}]}<\/script>\n<!-- \/ Yoast SEO plugin. -->","yoast_head_json":{"title":"nh\u00e0 ph\u1ed1 - giaphatinfo","robots":{"index":"index","follow":"follow","max-snippet":"max-snippet:-1","max-image-preview":"max-image-preview:large","max-video-preview":"max-video-preview:-1"},"canonical":"https:\/\/giaphatinfo.com.vn\/en\/san-pham\/nhapho-1\/","og_locale":"en_US","og_type":"article","og_title":"nh\u00e0 ph\u1ed1 - giaphatinfo","og_description":"Phong c\u00e1ch \u0111\u01a1n gi\u1ea3n, ti\u1ebft ki\u1ec7m di\u1ec7n t\u00edch nh\u01b0ng kh\u00f4ng l\u00e0m m\u1ea5t \u0111i s\u1ef1 \u0111\u1ed9c \u0111\u00e1o v\u00e0 b\u1eaft m\u1eaft v\u1edbi kh\u00e1ch h\u00e0ng kh\u00f3 t\u00ednh nh\u1ea5t.","og_url":"https:\/\/giaphatinfo.com.vn\/en\/san-pham\/nhapho-1\/","og_site_name":"giaphatinfo","article_modified_time":"2025-06-09T18:09:47+00:00","og_image":[{"width":796,"height":550,"url":"https:\/\/giaphatinfo.com.vn\/wp-content\/uploads\/2021\/12\/noi-that-dep-hien.jpg","path":"\/home\/giaphat\/domains\/giaphatinfo.com.vn\/public_html\/wp-content\/uploads\/2021\/12\/noi-that-dep-hien.jpg","size":"full","id":274,"alt":"","pixels":437800,"type":"image\/jpeg"}],"twitter_card":"summary_large_image","twitter_misc":{"Est. reading time":"1 minute"},"schema":{"@context":"https:\/\/schema.org","@graph":[{"@type":"WebSite","@id":"https:\/\/giaphatinfo.com.vn\/#website","url":"https:\/\/giaphatinfo.com.vn\/","name":"giaphatinfo","description":"","potentialAction":[{"@type":"SearchAction","target":{"@type":"EntryPoint","urlTemplate":"https:\/\/giaphatinfo.com.vn\/?s={search_term_string}"},"query-input":"required name=search_term_string"}],"inLanguage":"en-US"},{"@type":"ImageObject","@id":"https:\/\/giaphatinfo.com.vn\/san-pham\/nhapho-1\/#primaryimage","inLanguage":"en-US","url":"https:\/\/giaphatinfo.com.vn\/wp-content\/uploads\/2021\/12\/noi-that-dep-hien.jpg","contentUrl":"https:\/\/giaphatinfo.com.vn\/wp-content\/uploads\/2021\/12\/noi-that-dep-hien.jpg","width":796,"height":550},{"@type":"WebPage","@id":"https:\/\/giaphatinfo.com.vn\/san-pham\/nhapho-1\/#webpage","url":"https:\/\/giaphatinfo.com.vn\/san-pham\/nhapho-1\/","name":"nh\u00e0 ph\u1ed1 - giaphatinfo","isPartOf":{"@id":"https:\/\/giaphatinfo.com.vn\/#website"},"primaryImageOfPage":{"@id":"https:\/\/giaphatinfo.com.vn\/san-pham\/nhapho-1\/#primaryimage"},"datePublished":"2021-12-22T09:09:15+00:00","dateModified":"2025-06-09T18:09:47+00:00","breadcrumb":{"@id":"https:\/\/giaphatinfo.com.vn\/san-pham\/nhapho-1\/#breadcrumb"},"inLanguage":"en-US","potentialAction":[{"@type":"ReadAction","target":["https:\/\/giaphatinfo.com.vn\/san-pham\/nhapho-1\/"]}]},{"@type":"BreadcrumbList","@id":"https:\/\/giaphatinfo.com.vn\/san-pham\/nhapho-1\/#breadcrumb","itemListElement":[{"@type":"ListItem","position":1,"name":"Trang ch\u1ee7","item":"https:\/\/giaphatinfo.com.vn\/"},{"@type":"ListItem","position":2,"name":"S\u1ea3n ph\u1ea9m","item":"https:\/\/giaphatinfo.com.vn\/san-pham\/"},{"@type":"ListItem","position":3,"name":"nh\u00e0 ph\u1ed1"}]}]}},"_links":{"self":[{"href":"https:\/\/giaphatinfo.com.vn\/en\/wp-json\/wp\/v2\/product\/271"}],"collection":[{"href":"https:\/\/giaphatinfo.com.vn\/en\/wp-json\/wp\/v2\/product"}],"about":[{"href":"https:\/\/giaphatinfo.com.vn\/en\/wp-json\/wp\/v2\/types\/product"}],"replies":[{"embeddable":true,"href":"https:\/\/giaphatinfo.com.vn\/en\/wp-json\/wp\/v2\/comments?post=271"}],"wp:featuredmedia":[{"embeddable":true,"href":"https:\/\/giaphatinfo.com.vn\/en\/wp-json\/wp\/v2\/media\/274"}],"wp:attachment":[{"href":"https:\/\/giaphatinfo.com.vn\/en\/wp-json\/wp\/v2\/media?parent=271"}],"wp:term":[{"taxonomy":"product_cat","embeddable":true,"href":"https:\/\/giaphatinfo.com.vn\/en\/wp-json\/wp\/v2\/product_cat?post=271"},{"taxonomy":"product_tag","embeddable":true,"href":"https:\/\/giaphatinfo.com.vn\/en\/wp-json\/wp\/v2\/product_tag?post=271"}],"curies":[{"name":"wp","href":"https:\/\/api.w.org\/{rel}","templated":true}]}}