{"id":306,"date":"2021-12-27T08:28:56","date_gmt":"2021-12-27T01:28:56","guid":{"rendered":"https:\/\/giaphatinfo.com.vn\/?post_type=product&#038;p=306"},"modified":"2025-09-13T02:33:52","modified_gmt":"2025-09-12T19:33:52","slug":"biet-thu","status":"publish","type":"product","link":"https:\/\/giaphatinfo.com.vn\/en\/san-pham\/biet-thu\/","title":{"rendered":"Bi\u1ec7t th\u1ef1"},"content":{"rendered":"<p>S\u1ef1 \u0111\u1ed9c \u0111\u00e1o \u0111\u00e3 l\u00e0m n\u00ean th\u00e0nh c\u00f4ng c\u1ee7a Ch\u00fang t\u00f4i \u0111\u1ebfn ng\u00e0y nay<\/p>\n<p style=\"text-align: center;\"><img decoding=\"async\" loading=\"lazy\" class=\"alignnone size-medium wp-image-374\" src=\"https:\/\/giaphatinfo.com.vn\/wp-content\/uploads\/2021\/12\/z3049122377317_52ae4f6fb6fc68208c8fab07151746a4-1-300x200.jpg\" alt=\"\" width=\"300\" height=\"200\" srcset=\"https:\/\/giaphatinfo.com.vn\/wp-content\/uploads\/2021\/12\/z3049122377317_52ae4f6fb6fc68208c8fab07151746a4-1-300x200.jpg 300w, https:\/\/giaphatinfo.com.vn\/wp-content\/uploads\/2021\/12\/z3049122377317_52ae4f6fb6fc68208c8fab07151746a4-1-1024x683.jpg 1024w, https:\/\/giaphatinfo.com.vn\/wp-content\/uploads\/2021\/12\/z3049122377317_52ae4f6fb6fc68208c8fab07151746a4-1-768x512.jpg 768w, https:\/\/giaphatinfo.com.vn\/wp-content\/uploads\/2021\/12\/z3049122377317_52ae4f6fb6fc68208c8fab07151746a4-1-16x12.jpg 16w, https:\/\/giaphatinfo.com.vn\/wp-content\/uploads\/2021\/12\/z3049122377317_52ae4f6fb6fc68208c8fab07151746a4-1-1000x667.jpg 1000w, https:\/\/giaphatinfo.com.vn\/wp-content\/uploads\/2021\/12\/z3049122377317_52ae4f6fb6fc68208c8fab07151746a4-1.jpg 1500w\" sizes=\"(max-width: 300px) 100vw, 300px\" \/> <img decoding=\"async\" loading=\"lazy\" class=\"alignnone size-medium wp-image-373\" src=\"https:\/\/giaphatinfo.com.vn\/wp-content\/uploads\/2021\/12\/z3049122377222_de8b573b5912a4296601d146a8f819a3-1-300x200.jpg\" alt=\"\" width=\"300\" height=\"200\" srcset=\"https:\/\/giaphatinfo.com.vn\/wp-content\/uploads\/2021\/12\/z3049122377222_de8b573b5912a4296601d146a8f819a3-1-300x200.jpg 300w, https:\/\/giaphatinfo.com.vn\/wp-content\/uploads\/2021\/12\/z3049122377222_de8b573b5912a4296601d146a8f819a3-1-1024x683.jpg 1024w, https:\/\/giaphatinfo.com.vn\/wp-content\/uploads\/2021\/12\/z3049122377222_de8b573b5912a4296601d146a8f819a3-1-768x512.jpg 768w, https:\/\/giaphatinfo.com.vn\/wp-content\/uploads\/2021\/12\/z3049122377222_de8b573b5912a4296601d146a8f819a3-1-16x12.jpg 16w, https:\/\/giaphatinfo.com.vn\/wp-content\/uploads\/2021\/12\/z3049122377222_de8b573b5912a4296601d146a8f819a3-1-1000x667.jpg 1000w, https:\/\/giaphatinfo.com.vn\/wp-content\/uploads\/2021\/12\/z3049122377222_de8b573b5912a4296601d146a8f819a3-1.jpg 1500w\" sizes=\"(max-width: 300px) 100vw, 300px\" \/> <img decoding=\"async\" loading=\"lazy\" class=\"alignnone size-medium wp-image-370\" src=\"https:\/\/giaphatinfo.com.vn\/wp-content\/uploads\/2021\/12\/z3049122337845_a077152908dbb8fe90b1eb401204f36a-1-300x200.jpg\" alt=\"\" width=\"300\" height=\"200\" srcset=\"https:\/\/giaphatinfo.com.vn\/wp-content\/uploads\/2021\/12\/z3049122337845_a077152908dbb8fe90b1eb401204f36a-1-300x200.jpg 300w, https:\/\/giaphatinfo.com.vn\/wp-content\/uploads\/2021\/12\/z3049122337845_a077152908dbb8fe90b1eb401204f36a-1-1024x683.jpg 1024w, https:\/\/giaphatinfo.com.vn\/wp-content\/uploads\/2021\/12\/z3049122337845_a077152908dbb8fe90b1eb401204f36a-1-768x512.jpg 768w, https:\/\/giaphatinfo.com.vn\/wp-content\/uploads\/2021\/12\/z3049122337845_a077152908dbb8fe90b1eb401204f36a-1-16x12.jpg 16w, https:\/\/giaphatinfo.com.vn\/wp-content\/uploads\/2021\/12\/z3049122337845_a077152908dbb8fe90b1eb401204f36a-1-1000x667.jpg 1000w, https:\/\/giaphatinfo.com.vn\/wp-content\/uploads\/2021\/12\/z3049122337845_a077152908dbb8fe90b1eb401204f36a-1.jpg 1500w\" sizes=\"(max-width: 300px) 100vw, 300px\" \/> <img decoding=\"async\" loading=\"lazy\" class=\"alignnone size-medium wp-image-369\" src=\"https:\/\/giaphatinfo.com.vn\/wp-content\/uploads\/2021\/12\/z3049122316099_2e4bbb4cbc07d2a96612fc7f30f0debb-1-300x200.jpg\" alt=\"\" width=\"300\" height=\"200\" srcset=\"https:\/\/giaphatinfo.com.vn\/wp-content\/uploads\/2021\/12\/z3049122316099_2e4bbb4cbc07d2a96612fc7f30f0debb-1-300x200.jpg 300w, https:\/\/giaphatinfo.com.vn\/wp-content\/uploads\/2021\/12\/z3049122316099_2e4bbb4cbc07d2a96612fc7f30f0debb-1-1024x683.jpg 1024w, https:\/\/giaphatinfo.com.vn\/wp-content\/uploads\/2021\/12\/z3049122316099_2e4bbb4cbc07d2a96612fc7f30f0debb-1-768x512.jpg 768w, https:\/\/giaphatinfo.com.vn\/wp-content\/uploads\/2021\/12\/z3049122316099_2e4bbb4cbc07d2a96612fc7f30f0debb-1-16x12.jpg 16w, https:\/\/giaphatinfo.com.vn\/wp-content\/uploads\/2021\/12\/z3049122316099_2e4bbb4cbc07d2a96612fc7f30f0debb-1-1000x667.jpg 1000w, https:\/\/giaphatinfo.com.vn\/wp-content\/uploads\/2021\/12\/z3049122316099_2e4bbb4cbc07d2a96612fc7f30f0debb-1.jpg 1500w\" sizes=\"(max-width: 300px) 100vw, 300px\" \/><\/p>","protected":false},"excerpt":{"rendered":"<p>S\u1ef1 \u0111\u1ed9c \u0111\u00e1o \u0111\u00e3 l\u00e0m n\u00ean th\u00e0nh c\u00f4ng c\u1ee7a Ch\u00fang t\u00f4i \u0111\u1ebfn ng\u00e0y nay<\/p>","protected":false},"featured_media":307,"comment_status":"open","ping_status":"closed","template":"","meta":[],"product_cat":[19],"product_tag":[],"yoast_head":"<!-- This site is optimized with the Yoast SEO plugin v16.7 - https:\/\/yoast.com\/wordpress\/plugins\/seo\/ -->\n<title>Bi\u1ec7t th\u1ef1 - giaphatinfo<\/title>\n<meta name=\"robots\" content=\"index, follow, max-snippet:-1, max-image-preview:large, max-video-preview:-1\" \/>\n<link rel=\"canonical\" href=\"https:\/\/giaphatinfo.com.vn\/en\/san-pham\/biet-thu\/\" \/>\n<meta property=\"og:locale\" content=\"en_US\" \/>\n<meta property=\"og:type\" content=\"article\" \/>\n<meta property=\"og:title\" content=\"Bi\u1ec7t th\u1ef1 - giaphatinfo\" \/>\n<meta property=\"og:description\" content=\"S\u1ef1 \u0111\u1ed9c \u0111\u00e1o \u0111\u00e3 l\u00e0m n\u00ean th\u00e0nh c\u00f4ng c\u1ee7a Ch\u00fang t\u00f4i \u0111\u1ebfn ng\u00e0y nay\" \/>\n<meta property=\"og:url\" content=\"https:\/\/giaphatinfo.com.vn\/en\/san-pham\/biet-thu\/\" \/>\n<meta property=\"og:site_name\" content=\"giaphatinfo\" \/>\n<meta property=\"article:modified_time\" content=\"2025-09-12T19:33:52+00:00\" \/>\n<meta property=\"og:image\" content=\"https:\/\/giaphatinfo.com.vn\/wp-content\/uploads\/2021\/12\/z3049122349744_65c04e2b2031d3834b275066d04223e9.jpg\" \/>\n\t<meta property=\"og:image:width\" content=\"1500\" \/>\n\t<meta property=\"og:image:height\" content=\"1000\" \/>\n<meta name=\"twitter:card\" content=\"summary_large_image\" \/>\n<meta name=\"twitter:label1\" content=\"Est. reading time\" \/>\n\t<meta name=\"twitter:data1\" content=\"1 minute\" \/>\n<script type=\"application\/ld+json\" class=\"yoast-schema-graph\">{\"@context\":\"https:\/\/schema.org\",\"@graph\":[{\"@type\":\"WebSite\",\"@id\":\"https:\/\/giaphatinfo.com.vn\/#website\",\"url\":\"https:\/\/giaphatinfo.com.vn\/\",\"name\":\"giaphatinfo\",\"description\":\"\",\"potentialAction\":[{\"@type\":\"SearchAction\",\"target\":{\"@type\":\"EntryPoint\",\"urlTemplate\":\"https:\/\/giaphatinfo.com.vn\/?s={search_term_string}\"},\"query-input\":\"required name=search_term_string\"}],\"inLanguage\":\"en-US\"},{\"@type\":\"ImageObject\",\"@id\":\"https:\/\/giaphatinfo.com.vn\/san-pham\/biet-thu\/#primaryimage\",\"inLanguage\":\"en-US\",\"url\":\"https:\/\/giaphatinfo.com.vn\/wp-content\/uploads\/2021\/12\/z3049122349744_65c04e2b2031d3834b275066d04223e9.jpg\",\"contentUrl\":\"https:\/\/giaphatinfo.com.vn\/wp-content\/uploads\/2021\/12\/z3049122349744_65c04e2b2031d3834b275066d04223e9.jpg\",\"width\":1500,\"height\":1000},{\"@type\":\"WebPage\",\"@id\":\"https:\/\/giaphatinfo.com.vn\/san-pham\/biet-thu\/#webpage\",\"url\":\"https:\/\/giaphatinfo.com.vn\/san-pham\/biet-thu\/\",\"name\":\"Bi\\u1ec7t th\\u1ef1 - giaphatinfo\",\"isPartOf\":{\"@id\":\"https:\/\/giaphatinfo.com.vn\/#website\"},\"primaryImageOfPage\":{\"@id\":\"https:\/\/giaphatinfo.com.vn\/san-pham\/biet-thu\/#primaryimage\"},\"datePublished\":\"2021-12-27T01:28:56+00:00\",\"dateModified\":\"2025-09-12T19:33:52+00:00\",\"breadcrumb\":{\"@id\":\"https:\/\/giaphatinfo.com.vn\/san-pham\/biet-thu\/#breadcrumb\"},\"inLanguage\":\"en-US\",\"potentialAction\":[{\"@type\":\"ReadAction\",\"target\":[\"https:\/\/giaphatinfo.com.vn\/san-pham\/biet-thu\/\"]}]},{\"@type\":\"BreadcrumbList\",\"@id\":\"https:\/\/giaphatinfo.com.vn\/san-pham\/biet-thu\/#breadcrumb\",\"itemListElement\":[{\"@type\":\"ListItem\",\"position\":1,\"name\":\"Trang ch\\u1ee7\",\"item\":\"https:\/\/giaphatinfo.com.vn\/\"},{\"@type\":\"ListItem\",\"position\":2,\"name\":\"S\\u1ea3n ph\\u1ea9m\",\"item\":\"https:\/\/giaphatinfo.com.vn\/san-pham\/\"},{\"@type\":\"ListItem\",\"position\":3,\"name\":\"Bi\\u1ec7t th\\u1ef1\"}]}]}<\/script>\n<!-- \/ Yoast SEO plugin. -->","yoast_head_json":{"title":"Bi\u1ec7t th\u1ef1 - giaphatinfo","robots":{"index":"index","follow":"follow","max-snippet":"max-snippet:-1","max-image-preview":"max-image-preview:large","max-video-preview":"max-video-preview:-1"},"canonical":"https:\/\/giaphatinfo.com.vn\/en\/san-pham\/biet-thu\/","og_locale":"en_US","og_type":"article","og_title":"Bi\u1ec7t th\u1ef1 - giaphatinfo","og_description":"S\u1ef1 \u0111\u1ed9c \u0111\u00e1o \u0111\u00e3 l\u00e0m n\u00ean th\u00e0nh c\u00f4ng c\u1ee7a Ch\u00fang t\u00f4i \u0111\u1ebfn ng\u00e0y nay","og_url":"https:\/\/giaphatinfo.com.vn\/en\/san-pham\/biet-thu\/","og_site_name":"giaphatinfo","article_modified_time":"2025-09-12T19:33:52+00:00","og_image":[{"width":1500,"height":1000,"url":"https:\/\/giaphatinfo.com.vn\/wp-content\/uploads\/2021\/12\/z3049122349744_65c04e2b2031d3834b275066d04223e9.jpg","path":"\/home\/giaphat\/domains\/giaphatinfo.com.vn\/public_html\/wp-content\/uploads\/2021\/12\/z3049122349744_65c04e2b2031d3834b275066d04223e9.jpg","size":"full","id":307,"alt":"","pixels":1500000,"type":"image\/jpeg"}],"twitter_card":"summary_large_image","twitter_misc":{"Est. reading time":"1 minute"},"schema":{"@context":"https:\/\/schema.org","@graph":[{"@type":"WebSite","@id":"https:\/\/giaphatinfo.com.vn\/#website","url":"https:\/\/giaphatinfo.com.vn\/","name":"giaphatinfo","description":"","potentialAction":[{"@type":"SearchAction","target":{"@type":"EntryPoint","urlTemplate":"https:\/\/giaphatinfo.com.vn\/?s={search_term_string}"},"query-input":"required name=search_term_string"}],"inLanguage":"en-US"},{"@type":"ImageObject","@id":"https:\/\/giaphatinfo.com.vn\/san-pham\/biet-thu\/#primaryimage","inLanguage":"en-US","url":"https:\/\/giaphatinfo.com.vn\/wp-content\/uploads\/2021\/12\/z3049122349744_65c04e2b2031d3834b275066d04223e9.jpg","contentUrl":"https:\/\/giaphatinfo.com.vn\/wp-content\/uploads\/2021\/12\/z3049122349744_65c04e2b2031d3834b275066d04223e9.jpg","width":1500,"height":1000},{"@type":"WebPage","@id":"https:\/\/giaphatinfo.com.vn\/san-pham\/biet-thu\/#webpage","url":"https:\/\/giaphatinfo.com.vn\/san-pham\/biet-thu\/","name":"Bi\u1ec7t th\u1ef1 - giaphatinfo","isPartOf":{"@id":"https:\/\/giaphatinfo.com.vn\/#website"},"primaryImageOfPage":{"@id":"https:\/\/giaphatinfo.com.vn\/san-pham\/biet-thu\/#primaryimage"},"datePublished":"2021-12-27T01:28:56+00:00","dateModified":"2025-09-12T19:33:52+00:00","breadcrumb":{"@id":"https:\/\/giaphatinfo.com.vn\/san-pham\/biet-thu\/#breadcrumb"},"inLanguage":"en-US","potentialAction":[{"@type":"ReadAction","target":["https:\/\/giaphatinfo.com.vn\/san-pham\/biet-thu\/"]}]},{"@type":"BreadcrumbList","@id":"https:\/\/giaphatinfo.com.vn\/san-pham\/biet-thu\/#breadcrumb","itemListElement":[{"@type":"ListItem","position":1,"name":"Trang ch\u1ee7","item":"https:\/\/giaphatinfo.com.vn\/"},{"@type":"ListItem","position":2,"name":"S\u1ea3n ph\u1ea9m","item":"https:\/\/giaphatinfo.com.vn\/san-pham\/"},{"@type":"ListItem","position":3,"name":"Bi\u1ec7t th\u1ef1"}]}]}},"_links":{"self":[{"href":"https:\/\/giaphatinfo.com.vn\/en\/wp-json\/wp\/v2\/product\/306"}],"collection":[{"href":"https:\/\/giaphatinfo.com.vn\/en\/wp-json\/wp\/v2\/product"}],"about":[{"href":"https:\/\/giaphatinfo.com.vn\/en\/wp-json\/wp\/v2\/types\/product"}],"replies":[{"embeddable":true,"href":"https:\/\/giaphatinfo.com.vn\/en\/wp-json\/wp\/v2\/comments?post=306"}],"wp:featuredmedia":[{"embeddable":true,"href":"https:\/\/giaphatinfo.com.vn\/en\/wp-json\/wp\/v2\/media\/307"}],"wp:attachment":[{"href":"https:\/\/giaphatinfo.com.vn\/en\/wp-json\/wp\/v2\/media?parent=306"}],"wp:term":[{"taxonomy":"product_cat","embeddable":true,"href":"https:\/\/giaphatinfo.com.vn\/en\/wp-json\/wp\/v2\/product_cat?post=306"},{"taxonomy":"product_tag","embeddable":true,"href":"https:\/\/giaphatinfo.com.vn\/en\/wp-json\/wp\/v2\/product_tag?post=306"}],"curies":[{"name":"wp","href":"https:\/\/api.w.org\/{rel}","templated":true}]}}