{"id":487,"date":"2026-04-29T13:51:41","date_gmt":"2026-04-29T06:51:41","guid":{"rendered":"https:\/\/giaphatinfo.com.vn\/?post_type=product&#038;p=487"},"modified":"2026-04-29T14:07:25","modified_gmt":"2026-04-29T07:07:25","slug":"van-cac-loai","status":"publish","type":"product","link":"https:\/\/giaphatinfo.com.vn\/en\/san-pham\/van-cac-loai\/","title":{"rendered":"V\u00c1N C\u00c1C LO\u1ea0I"},"content":{"rendered":"<p>Cung c\u1ea5p c\u00e1c lo\u1ea1i v\u00e1n nhi\u1ec1u \u0111\u1ed9 d\u00e0y kh\u00e1c nhau, \u0111\u1ea3m b\u1ea3o ch\u1ea5t l\u01b0\u1ee3ng v\u00e0 phong ph\u00fa v\u1ec1 m\u1eabu m\u00e3<\/p>","protected":false},"excerpt":{"rendered":"<p>Cung c\u1ea5p c\u00e1c lo\u1ea1i v\u00e1n nhi\u1ec1u \u0111\u1ed9 d\u00e0y kh\u00e1c nhau, \u0111\u1ea3m b\u1ea3o ch\u1ea5t l\u01b0\u1ee3ng v\u00e0 phong ph\u00fa v\u1ec1 m\u1eabu m\u00e3<\/p>","protected":false},"featured_media":488,"comment_status":"closed","ping_status":"closed","template":"","meta":[],"product_cat":[17],"product_tag":[],"yoast_head":"<!-- This site is optimized with the Yoast SEO plugin v16.7 - https:\/\/yoast.com\/wordpress\/plugins\/seo\/ -->\n<title>V\u00c1N C\u00c1C LO\u1ea0I - giaphatinfo<\/title>\n<meta name=\"robots\" content=\"index, follow, max-snippet:-1, max-image-preview:large, max-video-preview:-1\" \/>\n<link rel=\"canonical\" href=\"https:\/\/giaphatinfo.com.vn\/en\/san-pham\/van-cac-loai\/\" \/>\n<meta property=\"og:locale\" content=\"en_US\" \/>\n<meta property=\"og:type\" content=\"article\" \/>\n<meta property=\"og:title\" content=\"V\u00c1N C\u00c1C LO\u1ea0I - giaphatinfo\" \/>\n<meta property=\"og:description\" content=\"Cung c\u1ea5p c\u00e1c lo\u1ea1i v\u00e1n nhi\u1ec1u \u0111\u1ed9 d\u00e0y kh\u00e1c nhau, \u0111\u1ea3m b\u1ea3o ch\u1ea5t l\u01b0\u1ee3ng v\u00e0 phong ph\u00fa v\u1ec1 m\u1eabu m\u00e3\" \/>\n<meta property=\"og:url\" content=\"https:\/\/giaphatinfo.com.vn\/en\/san-pham\/van-cac-loai\/\" \/>\n<meta property=\"og:site_name\" content=\"giaphatinfo\" \/>\n<meta property=\"article:modified_time\" content=\"2026-04-29T07:07:25+00:00\" \/>\n<meta property=\"og:image\" content=\"https:\/\/giaphatinfo.com.vn\/wp-content\/uploads\/2026\/04\/VAN3.jpg\" \/>\n\t<meta property=\"og:image:width\" content=\"275\" \/>\n\t<meta property=\"og:image:height\" content=\"183\" \/>\n<meta name=\"twitter:card\" content=\"summary_large_image\" \/>\n<script type=\"application\/ld+json\" class=\"yoast-schema-graph\">{\"@context\":\"https:\/\/schema.org\",\"@graph\":[{\"@type\":\"WebSite\",\"@id\":\"https:\/\/giaphatinfo.com.vn\/#website\",\"url\":\"https:\/\/giaphatinfo.com.vn\/\",\"name\":\"giaphatinfo\",\"description\":\"\",\"potentialAction\":[{\"@type\":\"SearchAction\",\"target\":{\"@type\":\"EntryPoint\",\"urlTemplate\":\"https:\/\/giaphatinfo.com.vn\/?s={search_term_string}\"},\"query-input\":\"required name=search_term_string\"}],\"inLanguage\":\"en-US\"},{\"@type\":\"ImageObject\",\"@id\":\"https:\/\/giaphatinfo.com.vn\/san-pham\/van-cac-loai\/#primaryimage\",\"inLanguage\":\"en-US\",\"url\":\"https:\/\/giaphatinfo.com.vn\/wp-content\/uploads\/2026\/04\/VAN3.jpg\",\"contentUrl\":\"https:\/\/giaphatinfo.com.vn\/wp-content\/uploads\/2026\/04\/VAN3.jpg\",\"width\":275,\"height\":183},{\"@type\":\"WebPage\",\"@id\":\"https:\/\/giaphatinfo.com.vn\/san-pham\/van-cac-loai\/#webpage\",\"url\":\"https:\/\/giaphatinfo.com.vn\/san-pham\/van-cac-loai\/\",\"name\":\"V\\u00c1N C\\u00c1C LO\\u1ea0I - giaphatinfo\",\"isPartOf\":{\"@id\":\"https:\/\/giaphatinfo.com.vn\/#website\"},\"primaryImageOfPage\":{\"@id\":\"https:\/\/giaphatinfo.com.vn\/san-pham\/van-cac-loai\/#primaryimage\"},\"datePublished\":\"2026-04-29T06:51:41+00:00\",\"dateModified\":\"2026-04-29T07:07:25+00:00\",\"breadcrumb\":{\"@id\":\"https:\/\/giaphatinfo.com.vn\/san-pham\/van-cac-loai\/#breadcrumb\"},\"inLanguage\":\"en-US\",\"potentialAction\":[{\"@type\":\"ReadAction\",\"target\":[\"https:\/\/giaphatinfo.com.vn\/san-pham\/van-cac-loai\/\"]}]},{\"@type\":\"BreadcrumbList\",\"@id\":\"https:\/\/giaphatinfo.com.vn\/san-pham\/van-cac-loai\/#breadcrumb\",\"itemListElement\":[{\"@type\":\"ListItem\",\"position\":1,\"name\":\"Trang ch\\u1ee7\",\"item\":\"https:\/\/giaphatinfo.com.vn\/\"},{\"@type\":\"ListItem\",\"position\":2,\"name\":\"S\\u1ea3n ph\\u1ea9m\",\"item\":\"https:\/\/giaphatinfo.com.vn\/san-pham\/\"},{\"@type\":\"ListItem\",\"position\":3,\"name\":\"V\\u00c1N C\\u00c1C LO\\u1ea0I\"}]}]}<\/script>\n<!-- \/ Yoast SEO plugin. -->","yoast_head_json":{"title":"V\u00c1N C\u00c1C LO\u1ea0I - giaphatinfo","robots":{"index":"index","follow":"follow","max-snippet":"max-snippet:-1","max-image-preview":"max-image-preview:large","max-video-preview":"max-video-preview:-1"},"canonical":"https:\/\/giaphatinfo.com.vn\/en\/san-pham\/van-cac-loai\/","og_locale":"en_US","og_type":"article","og_title":"V\u00c1N C\u00c1C LO\u1ea0I - giaphatinfo","og_description":"Cung c\u1ea5p c\u00e1c lo\u1ea1i v\u00e1n nhi\u1ec1u \u0111\u1ed9 d\u00e0y kh\u00e1c nhau, \u0111\u1ea3m b\u1ea3o ch\u1ea5t l\u01b0\u1ee3ng v\u00e0 phong ph\u00fa v\u1ec1 m\u1eabu m\u00e3","og_url":"https:\/\/giaphatinfo.com.vn\/en\/san-pham\/van-cac-loai\/","og_site_name":"giaphatinfo","article_modified_time":"2026-04-29T07:07:25+00:00","og_image":[{"width":275,"height":183,"filesize":12611,"url":"https:\/\/giaphatinfo.com.vn\/wp-content\/uploads\/2026\/04\/VAN3.jpg","path":"\/home\/giaphat\/domains\/giaphatinfo.com.vn\/public_html\/wp-content\/uploads\/2026\/04\/VAN3.jpg","size":"full","id":488,"alt":"","pixels":50325,"type":"image\/jpeg"}],"twitter_card":"summary_large_image","schema":{"@context":"https:\/\/schema.org","@graph":[{"@type":"WebSite","@id":"https:\/\/giaphatinfo.com.vn\/#website","url":"https:\/\/giaphatinfo.com.vn\/","name":"giaphatinfo","description":"","potentialAction":[{"@type":"SearchAction","target":{"@type":"EntryPoint","urlTemplate":"https:\/\/giaphatinfo.com.vn\/?s={search_term_string}"},"query-input":"required name=search_term_string"}],"inLanguage":"en-US"},{"@type":"ImageObject","@id":"https:\/\/giaphatinfo.com.vn\/san-pham\/van-cac-loai\/#primaryimage","inLanguage":"en-US","url":"https:\/\/giaphatinfo.com.vn\/wp-content\/uploads\/2026\/04\/VAN3.jpg","contentUrl":"https:\/\/giaphatinfo.com.vn\/wp-content\/uploads\/2026\/04\/VAN3.jpg","width":275,"height":183},{"@type":"WebPage","@id":"https:\/\/giaphatinfo.com.vn\/san-pham\/van-cac-loai\/#webpage","url":"https:\/\/giaphatinfo.com.vn\/san-pham\/van-cac-loai\/","name":"V\u00c1N C\u00c1C LO\u1ea0I - giaphatinfo","isPartOf":{"@id":"https:\/\/giaphatinfo.com.vn\/#website"},"primaryImageOfPage":{"@id":"https:\/\/giaphatinfo.com.vn\/san-pham\/van-cac-loai\/#primaryimage"},"datePublished":"2026-04-29T06:51:41+00:00","dateModified":"2026-04-29T07:07:25+00:00","breadcrumb":{"@id":"https:\/\/giaphatinfo.com.vn\/san-pham\/van-cac-loai\/#breadcrumb"},"inLanguage":"en-US","potentialAction":[{"@type":"ReadAction","target":["https:\/\/giaphatinfo.com.vn\/san-pham\/van-cac-loai\/"]}]},{"@type":"BreadcrumbList","@id":"https:\/\/giaphatinfo.com.vn\/san-pham\/van-cac-loai\/#breadcrumb","itemListElement":[{"@type":"ListItem","position":1,"name":"Trang ch\u1ee7","item":"https:\/\/giaphatinfo.com.vn\/"},{"@type":"ListItem","position":2,"name":"S\u1ea3n ph\u1ea9m","item":"https:\/\/giaphatinfo.com.vn\/san-pham\/"},{"@type":"ListItem","position":3,"name":"V\u00c1N C\u00c1C LO\u1ea0I"}]}]}},"_links":{"self":[{"href":"https:\/\/giaphatinfo.com.vn\/en\/wp-json\/wp\/v2\/product\/487"}],"collection":[{"href":"https:\/\/giaphatinfo.com.vn\/en\/wp-json\/wp\/v2\/product"}],"about":[{"href":"https:\/\/giaphatinfo.com.vn\/en\/wp-json\/wp\/v2\/types\/product"}],"replies":[{"embeddable":true,"href":"https:\/\/giaphatinfo.com.vn\/en\/wp-json\/wp\/v2\/comments?post=487"}],"wp:featuredmedia":[{"embeddable":true,"href":"https:\/\/giaphatinfo.com.vn\/en\/wp-json\/wp\/v2\/media\/488"}],"wp:attachment":[{"href":"https:\/\/giaphatinfo.com.vn\/en\/wp-json\/wp\/v2\/media?parent=487"}],"wp:term":[{"taxonomy":"product_cat","embeddable":true,"href":"https:\/\/giaphatinfo.com.vn\/en\/wp-json\/wp\/v2\/product_cat?post=487"},{"taxonomy":"product_tag","embeddable":true,"href":"https:\/\/giaphatinfo.com.vn\/en\/wp-json\/wp\/v2\/product_tag?post=487"}],"curies":[{"name":"wp","href":"https:\/\/api.w.org\/{rel}","templated":true}]}}