{"id":71,"date":"2021-07-15T10:49:32","date_gmt":"2021-07-15T10:49:32","guid":{"rendered":"http:\/\/giaphatinfo.123websitedev.com\/?post_type=product&#038;p=71"},"modified":"2025-09-13T02:34:44","modified_gmt":"2025-09-12T19:34:44","slug":"mypham1","status":"publish","type":"product","link":"https:\/\/giaphatinfo.com.vn\/en\/san-pham\/mypham1\/","title":{"rendered":"Cosmetic display shelf"},"content":{"rendered":"<p>S\u1ef1 ph\u1ed1i h\u1ee3p m\u00e0u s\u1eafc s\u00f4i \u0111\u1ed9ng, b\u1eaft m\u1eaft v\u00e0 s\u1ef1 t\u1ec9 m\u1ef9, tinh t\u1ebf trong t\u1eebng \u0111\u01b0\u1eddng n\u00e9t c\u1ee7a s\u1ea3n ph\u1ea9m chuy\u00ean v\u1ec1 m\u1ef9 ph\u1ea9m. V\u00e0 \u0111\u00e2y l\u00e0 t\u00e1c ph\u1ea9m c\u1ee7a nh\u1eefng thi\u1ebft k\u1ebf \u0111\u00f3&#8230;<\/p>\n<p><img decoding=\"async\" loading=\"lazy\" class=\"size-medium wp-image-235 aligncenter\" src=\"https:\/\/giaphatinfo.com.vn\/wp-content\/uploads\/2021\/07\/Untitled-3-300x225.jpg\" alt=\"\" width=\"300\" height=\"225\" srcset=\"https:\/\/giaphatinfo.com.vn\/wp-content\/uploads\/2021\/07\/Untitled-3-300x225.jpg 300w, https:\/\/giaphatinfo.com.vn\/wp-content\/uploads\/2021\/07\/Untitled-3-16x12.jpg 16w, https:\/\/giaphatinfo.com.vn\/wp-content\/uploads\/2021\/07\/Untitled-3.jpg 500w\" sizes=\"(max-width: 300px) 100vw, 300px\" \/> <img decoding=\"async\" loading=\"lazy\" class=\"size-medium wp-image-245 aligncenter\" src=\"https:\/\/giaphatinfo.com.vn\/wp-content\/uploads\/2021\/08\/slide-1471849041-300x129.jpg\" alt=\"\" width=\"300\" height=\"129\" srcset=\"https:\/\/giaphatinfo.com.vn\/wp-content\/uploads\/2021\/08\/slide-1471849041-300x129.jpg 300w, https:\/\/giaphatinfo.com.vn\/wp-content\/uploads\/2021\/08\/slide-1471849041-1024x439.jpg 1024w, https:\/\/giaphatinfo.com.vn\/wp-content\/uploads\/2021\/08\/slide-1471849041-768x329.jpg 768w, https:\/\/giaphatinfo.com.vn\/wp-content\/uploads\/2021\/08\/slide-1471849041-16x7.jpg 16w, https:\/\/giaphatinfo.com.vn\/wp-content\/uploads\/2021\/08\/slide-1471849041-1000x429.jpg 1000w, https:\/\/giaphatinfo.com.vn\/wp-content\/uploads\/2021\/08\/slide-1471849041.jpg 1400w\" sizes=\"(max-width: 300px) 100vw, 300px\" \/><\/p>","protected":false},"excerpt":{"rendered":"<p>S\u1ef1 ph\u1ed1i h\u1ee3p m\u00e0u s\u1eafc s\u00f4i \u0111\u1ed9ng, b\u1eaft m\u1eaft v\u00e0 s\u1ef1 t\u1ec9 m\u1ef9, tinh t\u1ebf trong t\u1eebng \u0111\u01b0\u1eddng n\u00e9t c\u1ee7a s\u1ea3n ph\u1ea9m chuy\u00ean v\u1ec1 m\u1ef9 ph\u1ea9m. V\u00e0 \u0111\u00e2y l\u00e0 t\u00e1c ph\u1ea9m c\u1ee7a nh\u1eefng thi\u1ebft k\u1ebf \u0111\u00f3&#8230;<\/p>","protected":false},"featured_media":245,"comment_status":"open","ping_status":"closed","template":"","meta":[],"product_cat":[17],"product_tag":[],"yoast_head":"<!-- This site is optimized with the Yoast SEO plugin v16.7 - https:\/\/yoast.com\/wordpress\/plugins\/seo\/ -->\n<title>K\u1ec7 tr\u01b0ng b\u00e0y m\u1ef9 ph\u1ea9m - giaphatinfo<\/title>\n<meta name=\"robots\" content=\"index, follow, max-snippet:-1, max-image-preview:large, max-video-preview:-1\" \/>\n<link rel=\"canonical\" href=\"https:\/\/giaphatinfo.com.vn\/en\/san-pham\/mypham1\/\" \/>\n<meta property=\"og:locale\" content=\"en_US\" \/>\n<meta property=\"og:type\" content=\"article\" \/>\n<meta property=\"og:title\" content=\"K\u1ec7 tr\u01b0ng b\u00e0y m\u1ef9 ph\u1ea9m - giaphatinfo\" \/>\n<meta property=\"og:description\" content=\"S\u1ef1 ph\u1ed1i h\u1ee3p m\u00e0u s\u1eafc s\u00f4i \u0111\u1ed9ng, b\u1eaft m\u1eaft v\u00e0 s\u1ef1 t\u1ec9 m\u1ef9, tinh t\u1ebf trong t\u1eebng \u0111\u01b0\u1eddng n\u00e9t c\u1ee7a s\u1ea3n ph\u1ea9m chuy\u00ean v\u1ec1 m\u1ef9 ph\u1ea9m. V\u00e0 \u0111\u00e2y l\u00e0 t\u00e1c ph\u1ea9m c\u1ee7a nh\u1eefng thi\u1ebft k\u1ebf \u0111\u00f3...\" \/>\n<meta property=\"og:url\" content=\"https:\/\/giaphatinfo.com.vn\/en\/san-pham\/mypham1\/\" \/>\n<meta property=\"og:site_name\" content=\"giaphatinfo\" \/>\n<meta property=\"article:modified_time\" content=\"2025-09-12T19:34:44+00:00\" \/>\n<meta property=\"og:image\" content=\"https:\/\/giaphatinfo.com.vn\/wp-content\/uploads\/2021\/08\/slide-1471849041.jpg\" \/>\n\t<meta property=\"og:image:width\" content=\"1400\" \/>\n\t<meta property=\"og:image:height\" content=\"600\" \/>\n<meta name=\"twitter:card\" content=\"summary_large_image\" \/>\n<meta name=\"twitter:label1\" content=\"Est. reading time\" \/>\n\t<meta name=\"twitter:data1\" content=\"1 minute\" \/>\n<script type=\"application\/ld+json\" class=\"yoast-schema-graph\">{\"@context\":\"https:\/\/schema.org\",\"@graph\":[{\"@type\":\"WebSite\",\"@id\":\"https:\/\/giaphatinfo.com.vn\/#website\",\"url\":\"https:\/\/giaphatinfo.com.vn\/\",\"name\":\"giaphatinfo\",\"description\":\"\",\"potentialAction\":[{\"@type\":\"SearchAction\",\"target\":{\"@type\":\"EntryPoint\",\"urlTemplate\":\"https:\/\/giaphatinfo.com.vn\/?s={search_term_string}\"},\"query-input\":\"required name=search_term_string\"}],\"inLanguage\":\"en-US\"},{\"@type\":\"ImageObject\",\"@id\":\"https:\/\/giaphatinfo.com.vn\/san-pham\/mypham1\/#primaryimage\",\"inLanguage\":\"en-US\",\"url\":\"https:\/\/giaphatinfo.com.vn\/wp-content\/uploads\/2021\/08\/slide-1471849041.jpg\",\"contentUrl\":\"https:\/\/giaphatinfo.com.vn\/wp-content\/uploads\/2021\/08\/slide-1471849041.jpg\",\"width\":1400,\"height\":600},{\"@type\":\"WebPage\",\"@id\":\"https:\/\/giaphatinfo.com.vn\/san-pham\/mypham1\/#webpage\",\"url\":\"https:\/\/giaphatinfo.com.vn\/san-pham\/mypham1\/\",\"name\":\"K\\u1ec7 tr\\u01b0ng b\\u00e0y m\\u1ef9 ph\\u1ea9m - giaphatinfo\",\"isPartOf\":{\"@id\":\"https:\/\/giaphatinfo.com.vn\/#website\"},\"primaryImageOfPage\":{\"@id\":\"https:\/\/giaphatinfo.com.vn\/san-pham\/mypham1\/#primaryimage\"},\"datePublished\":\"2021-07-15T10:49:32+00:00\",\"dateModified\":\"2025-09-12T19:34:44+00:00\",\"breadcrumb\":{\"@id\":\"https:\/\/giaphatinfo.com.vn\/san-pham\/mypham1\/#breadcrumb\"},\"inLanguage\":\"en-US\",\"potentialAction\":[{\"@type\":\"ReadAction\",\"target\":[\"https:\/\/giaphatinfo.com.vn\/san-pham\/mypham1\/\"]}]},{\"@type\":\"BreadcrumbList\",\"@id\":\"https:\/\/giaphatinfo.com.vn\/san-pham\/mypham1\/#breadcrumb\",\"itemListElement\":[{\"@type\":\"ListItem\",\"position\":1,\"name\":\"Trang ch\\u1ee7\",\"item\":\"https:\/\/giaphatinfo.com.vn\/\"},{\"@type\":\"ListItem\",\"position\":2,\"name\":\"S\\u1ea3n ph\\u1ea9m\",\"item\":\"https:\/\/giaphatinfo.com.vn\/san-pham\/\"},{\"@type\":\"ListItem\",\"position\":3,\"name\":\"K\\u1ec7 tr\\u01b0ng b\\u00e0y m\\u1ef9 ph\\u1ea9m\"}]}]}<\/script>\n<!-- \/ Yoast SEO plugin. -->","yoast_head_json":{"title":"K\u1ec7 tr\u01b0ng b\u00e0y m\u1ef9 ph\u1ea9m - giaphatinfo","robots":{"index":"index","follow":"follow","max-snippet":"max-snippet:-1","max-image-preview":"max-image-preview:large","max-video-preview":"max-video-preview:-1"},"canonical":"https:\/\/giaphatinfo.com.vn\/en\/san-pham\/mypham1\/","og_locale":"en_US","og_type":"article","og_title":"K\u1ec7 tr\u01b0ng b\u00e0y m\u1ef9 ph\u1ea9m - giaphatinfo","og_description":"S\u1ef1 ph\u1ed1i h\u1ee3p m\u00e0u s\u1eafc s\u00f4i \u0111\u1ed9ng, b\u1eaft m\u1eaft v\u00e0 s\u1ef1 t\u1ec9 m\u1ef9, tinh t\u1ebf trong t\u1eebng \u0111\u01b0\u1eddng n\u00e9t c\u1ee7a s\u1ea3n ph\u1ea9m chuy\u00ean v\u1ec1 m\u1ef9 ph\u1ea9m. V\u00e0 \u0111\u00e2y l\u00e0 t\u00e1c ph\u1ea9m c\u1ee7a nh\u1eefng thi\u1ebft k\u1ebf \u0111\u00f3...","og_url":"https:\/\/giaphatinfo.com.vn\/en\/san-pham\/mypham1\/","og_site_name":"giaphatinfo","article_modified_time":"2025-09-12T19:34:44+00:00","og_image":[{"width":1400,"height":600,"url":"https:\/\/giaphatinfo.com.vn\/wp-content\/uploads\/2021\/08\/slide-1471849041.jpg","path":"\/home\/giaphat\/domains\/giaphatinfo.com.vn\/public_html\/wp-content\/uploads\/2021\/08\/slide-1471849041.jpg","size":"full","id":245,"alt":"","pixels":840000,"type":"image\/jpeg"}],"twitter_card":"summary_large_image","twitter_misc":{"Est. reading time":"1 minute"},"schema":{"@context":"https:\/\/schema.org","@graph":[{"@type":"WebSite","@id":"https:\/\/giaphatinfo.com.vn\/#website","url":"https:\/\/giaphatinfo.com.vn\/","name":"giaphatinfo","description":"","potentialAction":[{"@type":"SearchAction","target":{"@type":"EntryPoint","urlTemplate":"https:\/\/giaphatinfo.com.vn\/?s={search_term_string}"},"query-input":"required name=search_term_string"}],"inLanguage":"en-US"},{"@type":"ImageObject","@id":"https:\/\/giaphatinfo.com.vn\/san-pham\/mypham1\/#primaryimage","inLanguage":"en-US","url":"https:\/\/giaphatinfo.com.vn\/wp-content\/uploads\/2021\/08\/slide-1471849041.jpg","contentUrl":"https:\/\/giaphatinfo.com.vn\/wp-content\/uploads\/2021\/08\/slide-1471849041.jpg","width":1400,"height":600},{"@type":"WebPage","@id":"https:\/\/giaphatinfo.com.vn\/san-pham\/mypham1\/#webpage","url":"https:\/\/giaphatinfo.com.vn\/san-pham\/mypham1\/","name":"K\u1ec7 tr\u01b0ng b\u00e0y m\u1ef9 ph\u1ea9m - giaphatinfo","isPartOf":{"@id":"https:\/\/giaphatinfo.com.vn\/#website"},"primaryImageOfPage":{"@id":"https:\/\/giaphatinfo.com.vn\/san-pham\/mypham1\/#primaryimage"},"datePublished":"2021-07-15T10:49:32+00:00","dateModified":"2025-09-12T19:34:44+00:00","breadcrumb":{"@id":"https:\/\/giaphatinfo.com.vn\/san-pham\/mypham1\/#breadcrumb"},"inLanguage":"en-US","potentialAction":[{"@type":"ReadAction","target":["https:\/\/giaphatinfo.com.vn\/san-pham\/mypham1\/"]}]},{"@type":"BreadcrumbList","@id":"https:\/\/giaphatinfo.com.vn\/san-pham\/mypham1\/#breadcrumb","itemListElement":[{"@type":"ListItem","position":1,"name":"Trang ch\u1ee7","item":"https:\/\/giaphatinfo.com.vn\/"},{"@type":"ListItem","position":2,"name":"S\u1ea3n ph\u1ea9m","item":"https:\/\/giaphatinfo.com.vn\/san-pham\/"},{"@type":"ListItem","position":3,"name":"K\u1ec7 tr\u01b0ng b\u00e0y m\u1ef9 ph\u1ea9m"}]}]}},"_links":{"self":[{"href":"https:\/\/giaphatinfo.com.vn\/en\/wp-json\/wp\/v2\/product\/71"}],"collection":[{"href":"https:\/\/giaphatinfo.com.vn\/en\/wp-json\/wp\/v2\/product"}],"about":[{"href":"https:\/\/giaphatinfo.com.vn\/en\/wp-json\/wp\/v2\/types\/product"}],"replies":[{"embeddable":true,"href":"https:\/\/giaphatinfo.com.vn\/en\/wp-json\/wp\/v2\/comments?post=71"}],"wp:featuredmedia":[{"embeddable":true,"href":"https:\/\/giaphatinfo.com.vn\/en\/wp-json\/wp\/v2\/media\/245"}],"wp:attachment":[{"href":"https:\/\/giaphatinfo.com.vn\/en\/wp-json\/wp\/v2\/media?parent=71"}],"wp:term":[{"taxonomy":"product_cat","embeddable":true,"href":"https:\/\/giaphatinfo.com.vn\/en\/wp-json\/wp\/v2\/product_cat?post=71"},{"taxonomy":"product_tag","embeddable":true,"href":"https:\/\/giaphatinfo.com.vn\/en\/wp-json\/wp\/v2\/product_tag?post=71"}],"curies":[{"name":"wp","href":"https:\/\/api.w.org\/{rel}","templated":true}]}}